{"id":109,"date":"2015-10-20T22:58:18","date_gmt":"2015-10-20T19:58:18","guid":{"rendered":"http:\/\/www.viro-instituutti.fi\/nippernaati\/?page_id=109"},"modified":"2015-10-23T12:03:41","modified_gmt":"2015-10-23T09:03:41","slug":"carolina-pihelgas","status":"publish","type":"page","link":"https:\/\/www.viro-instituutti.fi\/nippernaati\/nippernaati-1\/carolina-pihelgas\/","title":{"rendered":"Carolina Pihelgas"},"content":{"rendered":"<div id=\"author-link\"><a href=\"http:\/\/www.viro-instituutti.fi\/nippernaati\/nippernaati-1\/maarja-partna#author\">Lue lis\u00e4\u00e4 kirjailijasta<\/a><\/div>\n<h2>Runoja<\/h2>\n<h4>Suomentanut Anniina Ljokkoi<\/h4>\n<p>Mit\u00e4 todempi haluat olla,<br \/>\nsit\u00e4 paremmin sinun on osattava unohtaa.<br \/>\nTodelliset mestarit unohtavat<br \/>\nsek\u00e4 turhan ett\u00e4 t\u00e4rke\u00e4n,<br \/>\nunohtavat itsens\u00e4 lumeksi.<br \/>\nJa toiset unohtavat my\u00f6s,<br \/>\nsin\u00e4 vain katoat mielest\u00e4.<br \/>\nIllalla vaivut dinosauruksen uneen<br \/>\nja aamulla l\u00f6yd\u00e4t bussipys\u00e4kilt\u00e4<br \/>\nuusia kalliopiirroksia.<\/p>\n<p><img loading=\"lazy\" class=\"dots aligncenter wp-image-70 size-full\" src=\"http:\/\/www.viro-instituutti.fi\/nippernaati\/wp-content\/uploads\/2015\/10\/dots.png\" alt=\"dots\" width=\"102\" height=\"20\" srcset=\"https:\/\/www.viro-instituutti.fi\/nippernaati\/wp-content\/uploads\/2015\/10\/dots.png 102w, https:\/\/www.viro-instituutti.fi\/nippernaati\/wp-content\/uploads\/2015\/10\/dots-100x20.png 100w\" sizes=\"(max-width: 102px) 100vw, 102px\" \/><\/p>\n<p>Kaupunki ty\u00f6nt\u00e4\u00e4 lonkeronsa ulos.<br \/>\nRadioaallot matelevat verkkaan<br \/>\nsateenkosteilla asfalteilla.<br \/>\nNiiss\u00e4 heijastuu kuu. Kaikki se<br \/>\ntuo mieleen pitk\u00e4t edesmenneet y\u00f6t<br \/>\nmeren rannalla. Tuuli puhui palturia.<br \/>\nT\u00e4hdet keikkuivat matalassa vedess\u00e4,<br \/>\nt\u00e4ysin ep\u00e4luotettavina.<br \/>\nJatkuvassa liikkeess\u00e4. Niilt\u00e4<br \/>\nme emme saa tiet\u00e4\u00e4<br \/>\npolveutumisestamme mit\u00e4\u00e4n.<\/p>\n<p><img loading=\"lazy\" class=\"dots aligncenter wp-image-70 size-full\" src=\"http:\/\/www.viro-instituutti.fi\/nippernaati\/wp-content\/uploads\/2015\/10\/dots.png\" alt=\"dots\" width=\"102\" height=\"20\" srcset=\"https:\/\/www.viro-instituutti.fi\/nippernaati\/wp-content\/uploads\/2015\/10\/dots.png 102w, https:\/\/www.viro-instituutti.fi\/nippernaati\/wp-content\/uploads\/2015\/10\/dots-100x20.png 100w\" sizes=\"(max-width: 102px) 100vw, 102px\" \/><\/p>\n<p>P\u00e4\u00e4st\u00e4 kaikesta eroon, j\u00e4tt\u00e4\u00e4 kasvit<br \/>\ntalven yli omin p\u00e4in, vaihtaa<br \/>\npuhelinnumeroa, asuinpaikkaa;<br \/>\nkirjoittaa vieraalla kielell\u00e4,<br \/>\nmuotoilla suu sen klusiilien mukaan,<br \/>\nomaksua sen typer\u00e4t kielikuvat.<br \/>\nRiitt\u00e4\u00e4k\u00f6 se? Ohjaat ajatukset<br \/>\nuomastaan sivuun, rakennat vedenpit\u00e4v\u00e4t<br \/>\npadot, annat sanojen hyppelehti\u00e4<br \/>\nsamassa ep\u00e4m\u00e4\u00e4r\u00e4isyydess\u00e4, joka ei edes<br \/>\nkuulosta en\u00e4\u00e4 niin eksoottiselta. Voimakas aksentti<br \/>\npaljastaa sinut kuitenkin. Ehk\u00e4 toivot,<br \/>\nett\u00e4 kieli unohtaa sinut. Ehk\u00e4 lopuksi unohtaakin.<\/p>\n<p><img loading=\"lazy\" class=\"dots aligncenter wp-image-70 size-full\" src=\"http:\/\/www.viro-instituutti.fi\/nippernaati\/wp-content\/uploads\/2015\/10\/dots.png\" alt=\"dots\" width=\"102\" height=\"20\" srcset=\"https:\/\/www.viro-instituutti.fi\/nippernaati\/wp-content\/uploads\/2015\/10\/dots.png 102w, https:\/\/www.viro-instituutti.fi\/nippernaati\/wp-content\/uploads\/2015\/10\/dots-100x20.png 100w\" sizes=\"(max-width: 102px) 100vw, 102px\" \/><\/p>\n<p>Jos kissoilla olisi jumala,<br \/>\nse et olisi sin\u00e4,<br \/>\nneuroottinen, takkutukkainen<br \/>\nluuviulu nainen.<br \/>\nSill\u00e4 milloin on jumala<br \/>\ntuonut ruoan nen\u00e4n eteen<br \/>\nja ottanut syliin paijatakseen.<br \/>\nJumala voisi olla jotain<br \/>\npikkulinnun kaltaista,<br \/>\npieni ja hyppelev\u00e4,<br \/>\nt\u00e4ysin k\u00e4sitt\u00e4m\u00e4t\u00f6n.<br \/>\nMin\u00e4 haluan el\u00e4\u00e4 ja tulla haudatuksi<br \/>\nlinnunlaulun kirkossa.<\/p>\n<p><img loading=\"lazy\" class=\"dots aligncenter wp-image-70 size-full\" src=\"http:\/\/www.viro-instituutti.fi\/nippernaati\/wp-content\/uploads\/2015\/10\/dots.png\" alt=\"dots\" width=\"102\" height=\"20\" srcset=\"https:\/\/www.viro-instituutti.fi\/nippernaati\/wp-content\/uploads\/2015\/10\/dots.png 102w, https:\/\/www.viro-instituutti.fi\/nippernaati\/wp-content\/uploads\/2015\/10\/dots-100x20.png 100w\" sizes=\"(max-width: 102px) 100vw, 102px\" \/><\/p>\n<p>Koko el\u00e4m\u00e4 on opettelua: miten olla ihmisten kanssa<br \/>\nyhdess\u00e4, miten yksin. Koko<br \/>\nel\u00e4m\u00e4 on itsen opettelua. Kukaan ei tietenk\u00e4\u00e4n<br \/>\nopi kaikkea, ehk\u00e4 vain sen miten<br \/>\nv\u00e4ltt\u00e4\u00e4 virheit\u00e4. Joskus tartut<br \/>\nkirjoihin, joskus lehteilet vaahteranlehti\u00e4.<br \/>\nYrit\u00e4t kasvattaa itsess\u00e4si kauneuden kaipuuta,<br \/>\nvaikket ole ihan varma, miten. Harot<br \/>\nsormet harallaan ilmaa kuin haikaranpoika,<br \/>\njoka haparoi pes\u00e4n reunalla eik\u00e4 uskalla viel\u00e4 oikeasti<br \/>\nnousta lentoon \u2013 ehk\u00e4 ilma ei kanna minua<br \/>\nviel\u00e4, ehk\u00e4 olen jo liian painava.<\/p>\n<p><img loading=\"lazy\" class=\"dots aligncenter wp-image-70 size-full\" src=\"http:\/\/www.viro-instituutti.fi\/nippernaati\/wp-content\/uploads\/2015\/10\/dots.png\" alt=\"dots\" width=\"102\" height=\"20\" srcset=\"https:\/\/www.viro-instituutti.fi\/nippernaati\/wp-content\/uploads\/2015\/10\/dots.png 102w, https:\/\/www.viro-instituutti.fi\/nippernaati\/wp-content\/uploads\/2015\/10\/dots-100x20.png 100w\" sizes=\"(max-width: 102px) 100vw, 102px\" \/><\/p>\n<p>Kirje kotoa saapui jonkin ajan kuluttua takaisin<br \/>\nkotiin, tosin jo toisessa kuoressa. Sit\u00e4 luettiin<br \/>\naivan kuin ensimm\u00e4ist\u00e4 kertaa, v\u00e4h\u00e4n noloina.<br \/>\nJa samalla ihmeteltiin, ett\u00e4 mek\u00f6 todella aavistimme<br \/>\nniin hyvin etuk\u00e4teen. No joo, puut ovat kasvaneet<br \/>\nja yhteydenpitomme erilaista, mutta muuten kaikki on<br \/>\nniin kuin ennenkin. Ainoastaan ne kivet, jotka<br \/>\nsatoivat suoraan taivaasta meid\u00e4n vanhalle hautapaikallemme,<br \/>\nniit\u00e4 ei mill\u00e4\u00e4n saa pois mielest\u00e4.<\/p>\n<p><img loading=\"lazy\" class=\"dots aligncenter wp-image-70 size-full\" src=\"http:\/\/www.viro-instituutti.fi\/nippernaati\/wp-content\/uploads\/2015\/10\/dots.png\" alt=\"dots\" width=\"102\" height=\"20\" srcset=\"https:\/\/www.viro-instituutti.fi\/nippernaati\/wp-content\/uploads\/2015\/10\/dots.png 102w, https:\/\/www.viro-instituutti.fi\/nippernaati\/wp-content\/uploads\/2015\/10\/dots-100x20.png 100w\" sizes=\"(max-width: 102px) 100vw, 102px\" \/><\/p>\n<p>Kun he laskeutuivat maan kamaralle,<br \/>\nmuuttuivat heid\u00e4n aaltomaiset,<br \/>\nutuiset \u00e4\u00e4riviivansa kerralla ter\u00e4viksi.<br \/>\nHe oppivat k\u00e4velem\u00e4\u00e4n kunnolla<br \/>\nja s\u00f6iv\u00e4t kalansa nuotiolla kypsennettyn\u00e4.<br \/>\nPeilitaivaan he pyyhkiv\u00e4t mielest\u00e4\u00e4n.<br \/>\nSiit\u00e4 huolimatta heit\u00e4 vaivaa yh\u00e4<br \/>\nkaukainen kaipuu siiville \u2013<br \/>\naivan kuten he joskus toivoivat<br \/>\nvoivansa tehd\u00e4 j\u00e4lki\u00e4 valkeaan jauhoon<br \/>\nmaan pinnalle, jota he nyt<br \/>\nnimitt\u00e4v\u00e4t lumeksi.<\/p>\n","protected":false},"excerpt":{"rendered":"<p>Lue lis\u00e4\u00e4 kirjailijasta Runoja Suomentanut Anniina Ljokkoi Mit\u00e4 todempi haluat olla, sit\u00e4 paremmin sinun on osattava unohtaa. Todelliset mestarit unohtavat sek\u00e4 turhan ett\u00e4 t\u00e4rke\u00e4n, unohtavat itsens\u00e4 lumeksi. Ja toiset unohtavat my\u00f6s, sin\u00e4 vain katoat mielest\u00e4. Illalla vaivut dinosauruksen uneen ja aamulla l\u00f6yd\u00e4t bussipys\u00e4kilt\u00e4 uusia kalliopiirroksia. Kaupunki ty\u00f6nt\u00e4\u00e4 lonkeronsa ulos. Radioaallot matelevat verkkaan sateenkosteilla asfalteilla. Niiss\u00e4 heijastuu kuu. Kaikki se tuo &#8230;<\/p>\n","protected":false},"author":1,"featured_media":0,"parent":40,"menu_order":8,"comment_status":"closed","ping_status":"closed","template":"","meta":{"inline_featured_image":false},"jetpack_sharing_enabled":true,"_links":{"self":[{"href":"https:\/\/www.viro-instituutti.fi\/nippernaati\/wp-json\/wp\/v2\/pages\/109"}],"collection":[{"href":"https:\/\/www.viro-instituutti.fi\/nippernaati\/wp-json\/wp\/v2\/pages"}],"about":[{"href":"https:\/\/www.viro-instituutti.fi\/nippernaati\/wp-json\/wp\/v2\/types\/page"}],"author":[{"embeddable":true,"href":"https:\/\/www.viro-instituutti.fi\/nippernaati\/wp-json\/wp\/v2\/users\/1"}],"replies":[{"embeddable":true,"href":"https:\/\/www.viro-instituutti.fi\/nippernaati\/wp-json\/wp\/v2\/comments?post=109"}],"version-history":[{"count":4,"href":"https:\/\/www.viro-instituutti.fi\/nippernaati\/wp-json\/wp\/v2\/pages\/109\/revisions"}],"predecessor-version":[{"id":272,"href":"https:\/\/www.viro-instituutti.fi\/nippernaati\/wp-json\/wp\/v2\/pages\/109\/revisions\/272"}],"up":[{"embeddable":true,"href":"https:\/\/www.viro-instituutti.fi\/nippernaati\/wp-json\/wp\/v2\/pages\/40"}],"wp:attachment":[{"href":"https:\/\/www.viro-instituutti.fi\/nippernaati\/wp-json\/wp\/v2\/media?parent=109"}],"curies":[{"name":"wp","href":"https:\/\/api.w.org\/{rel}","templated":true}]}}