{"id":195,"date":"2015-10-21T03:10:44","date_gmt":"2015-10-21T00:10:44","guid":{"rendered":"http:\/\/www.viro-instituutti.fi\/nippernaati\/?page_id=195"},"modified":"2020-11-12T10:28:26","modified_gmt":"2020-11-12T08:28:26","slug":"tilaa-nippernaati","status":"publish","type":"page","link":"https:\/\/www.viro-instituutti.fi\/nippernaati\/tilaa-nippernaati\/","title":{"rendered":"Tilaa Nippernaati"},"content":{"rendered":"<p style=\"text-align: center;\">Nippernaati on ilmainen! Paperijulkaisun saa Viro-instituutista Helsingin Eesti Majasta joko noutamalla\u00a0(otathan ennakkoon yhteytt\u00e4, jos haluat tulla noutamaan)<br \/>\ntai postitse postimaksun hinnalla (5,00\u20ac \/ 1 kpl; 7,00\u20ac \/ 2 kpl):<\/p>\n<p style=\"text-align: center;\">Viro-instituutti<br \/>\nEesti Maja &#8211; Viro-keskus<br \/>\nSuvilahti, S\u00f6rn\u00e4isten rantatie 22<br \/>\n00540 Helsinki<\/p>\n<p style=\"text-align: center;\">Tiedustelut ja isommat tilaukset:<br \/>\n<a href=\"mailto:info@viro-instituutti.fi\">info@viro-instituutti.fi<br \/>\n<\/a><\/p>\n<p style=\"text-align: center;\">Paperijulkaisuja on j\u00e4ljell\u00e4 Nippernaati 3:sta ja 4:sta.<\/p>\n","protected":false},"excerpt":{"rendered":"<p>Nippernaati on ilmainen! Paperijulkaisun saa Viro-instituutista Helsingin Eesti Majasta joko noutamalla\u00a0(otathan ennakkoon yhteytt\u00e4, jos haluat tulla noutamaan) tai postitse postimaksun hinnalla (5,00\u20ac \/ 1 kpl; 7,00\u20ac \/ 2 kpl): Viro-instituutti Eesti Maja &#8211; Viro-keskus Suvilahti, S\u00f6rn\u00e4isten rantatie 22 00540 Helsinki Tiedustelut ja isommat tilaukset: info@viro-instituutti.fi Paperijulkaisuja on j\u00e4ljell\u00e4 Nippernaati 3:sta ja 4:sta.<\/p>\n","protected":false},"author":1,"featured_media":0,"parent":0,"menu_order":11,"comment_status":"closed","ping_status":"closed","template":"","meta":{"inline_featured_image":false},"jetpack_sharing_enabled":true,"_links":{"self":[{"href":"https:\/\/www.viro-instituutti.fi\/nippernaati\/wp-json\/wp\/v2\/pages\/195"}],"collection":[{"href":"https:\/\/www.viro-instituutti.fi\/nippernaati\/wp-json\/wp\/v2\/pages"}],"about":[{"href":"https:\/\/www.viro-instituutti.fi\/nippernaati\/wp-json\/wp\/v2\/types\/page"}],"author":[{"embeddable":true,"href":"https:\/\/www.viro-instituutti.fi\/nippernaati\/wp-json\/wp\/v2\/users\/1"}],"replies":[{"embeddable":true,"href":"https:\/\/www.viro-instituutti.fi\/nippernaati\/wp-json\/wp\/v2\/comments?post=195"}],"version-history":[{"count":8,"href":"https:\/\/www.viro-instituutti.fi\/nippernaati\/wp-json\/wp\/v2\/pages\/195\/revisions"}],"predecessor-version":[{"id":576,"href":"https:\/\/www.viro-instituutti.fi\/nippernaati\/wp-json\/wp\/v2\/pages\/195\/revisions\/576"}],"wp:attachment":[{"href":"https:\/\/www.viro-instituutti.fi\/nippernaati\/wp-json\/wp\/v2\/media?parent=195"}],"curies":[{"name":"wp","href":"https:\/\/api.w.org\/{rel}","templated":true}]}}