{"id":198,"date":"2015-10-21T03:15:28","date_gmt":"2015-10-21T00:15:28","guid":{"rendered":"http:\/\/www.viro-instituutti.fi\/nippernaati\/?page_id=198"},"modified":"2020-11-12T10:43:21","modified_gmt":"2020-11-12T08:43:21","slug":"tekijat-yhteystiedot","status":"publish","type":"page","link":"https:\/\/www.viro-instituutti.fi\/nippernaati\/tekijat-yhteystiedot\/","title":{"rendered":"Tekij\u00e4t \/ Yhteystiedot"},"content":{"rendered":"<p><strong>P\u00e4\u00e4toimittajat:<\/strong><br \/>\nNippernaatit 1, 2 ja 3 Sanna Immanen<br \/>\nNippernaati 4 Anniina Ljokkoi<\/p>\n<p><strong>Toimitusneuvostoon ovat kuuluneet<\/strong>:<br \/>\nGrete Ahtola, Heidi Iivari, Sanna Immanen, K\u00e4tlin Kaldmaa, Anniina\u00a0Ljokkoi, Hannu Oittinen, Kerti Tergem<\/p>\n<p><strong>Suomentajat ja toimittajat kaikissa numeroissa:<\/strong><br \/>\nMerja Aho, Varja Arola, Tuula Irene Friman, Heidi Iivari, Sanna Immanen, Outi Hyt\u00f6nen, Raija H\u00e4m\u00e4l\u00e4inen, Aaro Kalliokoski, Virpi Kauranen,\u00a0Jenni Kav\u00e9n, Arja Korhonen, Anna Kyr\u00f6, Kaisu Lahikainen, Anniina Ljokkoi, Jukka Mallinen, Katja Meriluoto,\u00a0Hannu Oittinen, Tuulikki Palva, Hanna Pippuri, Maija Rantanen, Hanna Samola, Katariina Suurpalo, Annamari Typp\u00f6, Annika Viirma.<\/p>\n<p><strong>Kiit\u00e4mme tukijoitamme:<\/strong><br \/>\nSuomen k\u00e4\u00e4nt\u00e4jien ja tulkkien liitto<br \/>\nViron kulttuuriministeri\u00f6<br \/>\nViron kulttuurirahasto<br \/>\nViro-instituutin yst\u00e4v\u00e4t ry<br \/>\nVirolaisen kulttuurin yst\u00e4v\u00e4t Virkku<br \/>\nWSOY:n kirjallisuuss\u00e4\u00e4ti\u00f6<\/p>\n<p><strong>Painotalo<\/strong>: Tallinna Raamatutr\u00fckikoda<\/p>\n<p>ISSN 2343-1105<br \/>\nISSN 2343-2527 (verkkojulkaisu)<\/p>\n<p>\u00a9\u00a0Kirjailijat, suomentajat ja Viro-instituutti, 2019<\/p>\n<h3>Yhteystiedot<\/h3>\n<p><strong>Anniina Ljokkoi<br \/>\n<\/strong>Nippernaati-antologian p\u00e4\u00e4toimittaja<br \/>\n<a href=\"mailto:a.ljokkoi@gmail.com\">a.ljokkoi@gmail.com<\/a><\/p>\n<p><strong>Mart Meri<br \/>\n<\/strong>Viro-instituutin toiminnanjohtaja<br \/>\npuh. +372 512 7314<br \/>\n<a href=\"mailto:mart@viro-instituutti.fi\">mart@viro-instituutti.fi<\/a><\/p>\n<p>Viro-instituutti \/ Eesti Instituut Soomes<br \/>\nEesti Maja \u2013 Viro-keskus<br \/>\nSuvilahti, S\u00f6rn\u00e4isten rantatie 22<br \/>\n00540 Helsinki<\/p>\n<p><a href=\"mailto:info@viro-instituutti.fi\">info@viro-instituutti.fi<\/a><br \/>\n<a href=\"http:\/\/www.viro-instituutti.fi\" target=\"_blank\" rel=\"noopener\">www.viro-instituutti.fi<\/a><\/p>\n","protected":false},"excerpt":{"rendered":"<p>P\u00e4\u00e4toimittajat: Nippernaatit 1, 2 ja 3 Sanna Immanen Nippernaati 4 Anniina Ljokkoi Toimitusneuvostoon ovat kuuluneet: Grete Ahtola, Heidi Iivari, Sanna Immanen, K\u00e4tlin Kaldmaa, Anniina\u00a0Ljokkoi, Hannu Oittinen, Kerti Tergem Suomentajat ja toimittajat kaikissa numeroissa: Merja Aho, Varja Arola, Tuula Irene Friman, Heidi Iivari, Sanna Immanen, Outi Hyt\u00f6nen, Raija H\u00e4m\u00e4l\u00e4inen, Aaro Kalliokoski, Virpi Kauranen,\u00a0Jenni Kav\u00e9n, Arja Korhonen, Anna Kyr\u00f6, Kaisu Lahikainen, Anniina &#8230;<\/p>\n","protected":false},"author":1,"featured_media":0,"parent":0,"menu_order":12,"comment_status":"closed","ping_status":"closed","template":"","meta":{"inline_featured_image":false},"jetpack_sharing_enabled":true,"_links":{"self":[{"href":"https:\/\/www.viro-instituutti.fi\/nippernaati\/wp-json\/wp\/v2\/pages\/198"}],"collection":[{"href":"https:\/\/www.viro-instituutti.fi\/nippernaati\/wp-json\/wp\/v2\/pages"}],"about":[{"href":"https:\/\/www.viro-instituutti.fi\/nippernaati\/wp-json\/wp\/v2\/types\/page"}],"author":[{"embeddable":true,"href":"https:\/\/www.viro-instituutti.fi\/nippernaati\/wp-json\/wp\/v2\/users\/1"}],"replies":[{"embeddable":true,"href":"https:\/\/www.viro-instituutti.fi\/nippernaati\/wp-json\/wp\/v2\/comments?post=198"}],"version-history":[{"count":8,"href":"https:\/\/www.viro-instituutti.fi\/nippernaati\/wp-json\/wp\/v2\/pages\/198\/revisions"}],"predecessor-version":[{"id":577,"href":"https:\/\/www.viro-instituutti.fi\/nippernaati\/wp-json\/wp\/v2\/pages\/198\/revisions\/577"}],"wp:attachment":[{"href":"https:\/\/www.viro-instituutti.fi\/nippernaati\/wp-json\/wp\/v2\/media?parent=198"}],"curies":[{"name":"wp","href":"https:\/\/api.w.org\/{rel}","templated":true}]}}