{"id":289,"date":"2016-09-14T21:27:55","date_gmt":"2016-09-14T18:27:55","guid":{"rendered":"http:\/\/www.viro-instituutti.fi\/nippernaati\/?page_id=289"},"modified":"2016-09-15T14:07:43","modified_gmt":"2016-09-15T11:07:43","slug":"nippernaati-2","status":"publish","type":"page","link":"https:\/\/www.viro-instituutti.fi\/nippernaati\/nippernaati-2\/","title":{"rendered":"Nippernaati 2"},"content":{"rendered":"<div id=\"cs-content\" class=\"cs-content\"><div id=\"x-section-1\" class=\"x-section\" style=\"margin: 0px;padding: 0px; background-color: transparent;\" ><div id=\"\" class=\"x-container marginless-columns\" style=\"margin: 0px auto;padding: 0px;\" ><div  class=\"x-column x-sm x-1-1\" style=\"padding: 0px;opacity: 0;transition-duration: 1000ms;\" data-x-element=\"column\" data-x-params=\"{&quot;fade&quot;:true}\" data-fade=\"true\"><img  class=\"x-img man x-img-none\"  src=\"http:\/\/www.viro-instituutti.fi\/nippernaati\/wp-content\/uploads\/2016\/09\/nippernaati2016-2-koti.jpg\" ><\/div><\/div><\/div><div id=\"x-section-2\" class=\"x-section\" style=\"margin: 0px;padding: 1em 0px 0px; background-color: transparent;\" ><div id=\"\" class=\"x-container max width\" style=\"margin: 0px auto;padding: 0px;\" ><div  class=\"x-column x-sm x-1-1\" style=\"padding: 0px;\" ><h2  class=\"h-custom-headline man h2\" style=\"font-size: 2.5em;\"><span>T\u00e4m\u00e4 on Nippernaati<\/span><\/h2><h3  class=\"h-custom-headline cs-ta-center front-subhead h3\" ><span>suomennetun virolaisen kirjallisuuden antologiasarjan toinen osa<\/span><\/h3><div id=\"\" class=\"x-text cs-ta-justify welcome\" style=\"\" ><p>Ker\u00adran vuo\u00addessa ilmes\u00adtyv\u00e4 Nippernaati on Viro-\u00adinstituutin oma aikakaus\u00adjulkaisu\u00adtyyppinen sarja, jonka tavoit\u00adteena on tehd\u00e4 tunnetuksi tuoretta viro\u00adlaista kauno\u00adkirjalli\u00adsuutta. Antologian toiseen numeroon on suomen\u00adnettu novelleja, runoutta ja romaani\u00adkatkelmia kaikkiaan kymmenelt\u00e4 viro\u00adlaiselta kirjaili\u00adjalta, joilta ei ole aiemmin juuri tai lainkaan julkaistu suo\u00admeksi. Nippernaatin p\u00e4\u00e4\u00adtoimittaja on Sanna Immanen ja se ilmestyy sek\u00e4 paperi- ett\u00e4 verkko\u00adjulkai\u00adsuna.<\/p>\n<p><a href=\"http:\/\/www.viro-instituutti.fi\/nippernaati\/nippernaati-1\/\">Nippernaatin ensimm\u00e4inen osa ilmestyi syyskuussa 2015 ja se on luettavissa t\u00e4st\u00e4.<\/a><\/p>\n<\/div><h3  class=\"h-custom-headline cs-ta-center front-subhead h3\" style=\"margin-top: 1.25em;\"><span>Toisen Nippernaatin kirjailijat ja suomentajat ovat:<\/span><\/h3><div id=\"\" class=\"x-text cs-ta-center welcome\" style=\"margin-top: 0;\" ><p><a href=\"http:\/\/www.viro-instituutti.fi\/nippernaati\/nippernaati-2\/mart-kivastik\/\">Mart Kivastik<\/a> (Katariina Suurpalo)<br \/>\n<a href=\"http:\/\/www.viro-instituutti.fi\/nippernaati\/nippernaati-2\/ilmar-taska\/\">Ilmar Taska<\/a> (Annamari Typp\u00f6)<br \/>\n<a href=\"http:\/\/www.viro-instituutti.fi\/nippernaati\/nippernaati-2\/mudlum\/\">Mudlum<\/a> (Varja Arola)<br \/>\n<a href=\"http:\/\/www.viro-instituutti.fi\/nippernaati\/nippernaati-2\/kaur-riismaa\/\">Kaur Riismaa<\/a> (Heidi Iivari)<br \/>\n<a href=\"http:\/\/www.viro-instituutti.fi\/nippernaati\/nippernaati-2\/sveta-grigorjeva\/\">Sveta Grigorjeva<\/a> (Tuula Irene Friman)<br \/>\n<a href=\"http:\/\/www.viro-instituutti.fi\/nippernaati\/nippernaati-2\/marko-magi\/\">Marko M\u00e4gi<\/a> (Hannu Oittinen)<br \/>\n<a href=\"http:\/\/www.viro-instituutti.fi\/nippernaati\/nippernaati-2\/kai-aareleid\/\">Kai Aareleid<\/a> (Hanna Pippuri)<br \/>\n<a href=\"http:\/\/www.viro-instituutti.fi\/nippernaati\/nippernaati-2\/juri-kolk\/\">Ju\u0308ri Kolk<\/a> (Anniina Ljokkoi)<br \/>\n<a href=\"http:\/\/www.viro-instituutti.fi\/nippernaati\/nippernaati-2\/jaan-undusk\/\">Jaan Undusk<\/a> (Kaisu Lahikainen)<br \/>\n<a href=\"http:\/\/www.viro-instituutti.fi\/nippernaati\/nippernaati-2\/paavo-matsin\/\">Paavo Matsin<\/a> (Sanna Immanen)<\/p>\n<\/div><\/div><\/div><\/div><div id=\"x-section-3\" class=\"x-section\" style=\"margin: 0px;padding: 0px 4em 2em; background-color: transparent;\" ><div id=\"\" class=\"x-container max width\" style=\"margin: 0px auto;padding: 0px;\" ><div  class=\"x-column x-sm x-1-1\" style=\"padding: 0px;\" ><a  class=\"x-creative-cta tilaa-cta slide-top\" href=\"http:\/\/www.viro-instituutti.fi\/nippernaati\/tilaa-nippernaati\/\" style=\"padding: 15px 15px 11px 15px; color: #ffffff; background-color: hsl(17, 84%, 67%);\" data-x-element=\"creative_cta\" data-x-params=\"{&quot;animation&quot;:&quot; slide-top&quot;,&quot;bg_color&quot;:&quot;hsl(17, 84%, 67%)&quot;,&quot;bg_color_hover&quot;:&quot;hsl(17, 54%, 56%)&quot;}\"><span class=\"text\" style=\"font-size: 24px;\">Tilaa Nippernaati<\/span><span class=\"graphic\"><i style=\"margin: 0; font-size: 36px;\" class=\"x-icon-book\" data-x-icon-s=\"&#xf02d;\"><\/i><\/span><\/a><\/div><\/div><\/div><\/div>\n","protected":false},"excerpt":{"rendered":"","protected":false},"author":1,"featured_media":0,"parent":0,"menu_order":2,"comment_status":"closed","ping_status":"closed","template":"","meta":{"inline_featured_image":false},"jetpack_sharing_enabled":true,"_links":{"self":[{"href":"https:\/\/www.viro-instituutti.fi\/nippernaati\/wp-json\/wp\/v2\/pages\/289"}],"collection":[{"href":"https:\/\/www.viro-instituutti.fi\/nippernaati\/wp-json\/wp\/v2\/pages"}],"about":[{"href":"https:\/\/www.viro-instituutti.fi\/nippernaati\/wp-json\/wp\/v2\/types\/page"}],"author":[{"embeddable":true,"href":"https:\/\/www.viro-instituutti.fi\/nippernaati\/wp-json\/wp\/v2\/users\/1"}],"replies":[{"embeddable":true,"href":"https:\/\/www.viro-instituutti.fi\/nippernaati\/wp-json\/wp\/v2\/comments?post=289"}],"version-history":[{"count":2,"href":"https:\/\/www.viro-instituutti.fi\/nippernaati\/wp-json\/wp\/v2\/pages\/289\/revisions"}],"predecessor-version":[{"id":348,"href":"https:\/\/www.viro-instituutti.fi\/nippernaati\/wp-json\/wp\/v2\/pages\/289\/revisions\/348"}],"wp:attachment":[{"href":"https:\/\/www.viro-instituutti.fi\/nippernaati\/wp-json\/wp\/v2\/media?parent=289"}],"curies":[{"name":"wp","href":"https:\/\/api.w.org\/{rel}","templated":true}]}}