{"id":306,"date":"2016-09-15T11:08:48","date_gmt":"2016-09-15T08:08:48","guid":{"rendered":"http:\/\/www.viro-instituutti.fi\/nippernaati\/?page_id=306"},"modified":"2016-10-03T15:18:53","modified_gmt":"2016-10-03T12:18:53","slug":"kaur-riismaa","status":"publish","type":"page","link":"https:\/\/www.viro-instituutti.fi\/nippernaati\/nippernaati-2\/kaur-riismaa\/","title":{"rendered":"Kaur Riismaa"},"content":{"rendered":"<div id=\"author-link\"><a href=\"#author\">Lue lis\u00e4\u00e4 kirjailijasta<\/a><\/div>\n<h2>Runoja<\/h2>\n<h4>Suomentanut Heidi Iivari<\/h4>\n<p>niin pienet lapset<br \/>\nniin suurten puiden alla<br \/>\nett\u00e4 alkaa pelottaa<\/p>\n<p><img loading=\"lazy\" class=\"dots aligncenter wp-image-70 size-full\" src=\"http:\/\/www.viro-instituutti.fi\/nippernaati\/wp-content\/uploads\/2015\/10\/dots.png\" alt=\"dots\" width=\"102\" height=\"20\" srcset=\"https:\/\/www.viro-instituutti.fi\/nippernaati\/wp-content\/uploads\/2015\/10\/dots.png 102w, https:\/\/www.viro-instituutti.fi\/nippernaati\/wp-content\/uploads\/2015\/10\/dots-100x20.png 100w\" sizes=\"(max-width: 102px) 100vw, 102px\" \/><\/p>\n<p>nopeasti kuin lapset<br \/>\nsuureksi pieneksi<br \/>\nsuurten ajatukset<\/p>\n<p><img loading=\"lazy\" class=\"dots aligncenter wp-image-70 size-full\" src=\"http:\/\/www.viro-instituutti.fi\/nippernaati\/wp-content\/uploads\/2015\/10\/dots.png\" alt=\"dots\" width=\"102\" height=\"20\" srcset=\"https:\/\/www.viro-instituutti.fi\/nippernaati\/wp-content\/uploads\/2015\/10\/dots.png 102w, https:\/\/www.viro-instituutti.fi\/nippernaati\/wp-content\/uploads\/2015\/10\/dots-100x20.png 100w\" sizes=\"(max-width: 102px) 100vw, 102px\" \/><\/p>\n<p>ihmisten synnit<br \/>\nn\u00e4kee hyvin talvella<br \/>\npissavana pihan nurkassa<\/p>\n<p><img loading=\"lazy\" class=\"dots aligncenter wp-image-70 size-full\" src=\"http:\/\/www.viro-instituutti.fi\/nippernaati\/wp-content\/uploads\/2015\/10\/dots.png\" alt=\"dots\" width=\"102\" height=\"20\" srcset=\"https:\/\/www.viro-instituutti.fi\/nippernaati\/wp-content\/uploads\/2015\/10\/dots.png 102w, https:\/\/www.viro-instituutti.fi\/nippernaati\/wp-content\/uploads\/2015\/10\/dots-100x20.png 100w\" sizes=\"(max-width: 102px) 100vw, 102px\" \/><\/p>\n<p>Suurin osa suhteista,<br \/>\njotka sattuvat tiellemme,<br \/>\novat olemassa vain siksi,<br \/>\nettemme suurta yksin\u00e4isyytt\u00e4mme<br \/>\nyhten\u00e4\u00e4n itkisi kylpyhuoneen lattialla.<\/p>\n<p>On traagista ja huvittavaa,<br \/>\nett\u00e4 ymm\u00e4rr\u00e4mme sen vasta kaiken j\u00e4lkeen.<\/p>\n<p>Ja sitten on tietenkin vakiot.<br \/>\nHe joiden luokse ainakin ajatuksissamme<br \/>\nyhten\u00e4\u00e4n palaamme.<\/p>\n<p>Tai kenet tapaamme, kun tullaan rannalta<br \/>\nja on kiire autolle.<br \/>\nTai kenet tapaamme, kun tullaan mets\u00e4st\u00e4<br \/>\nja on kiire rannalle,<br \/>\nkun lapset jo juoksevat kuka ties miss\u00e4.<\/p>\n<p>Mutta kenelle jostakin syyst\u00e4 h\u00e4pe\u00e4mme soittaa,<br \/>\njotta voisi k\u00e4vell\u00e4 joku ilta<br \/>\nmeren ja mets\u00e4n v\u00e4lisell\u00e4 puistotiell\u00e4,<br \/>\nistua siin\u00e4 samassa rantakahvilassa,<br \/>\nkysy\u00e4: \u201dMit\u00e4 puolisollesi kuuluu?\u201d<br \/>\ntai pamauttaa:<br \/>\n\u201dMulla on hirve\u00e4 ik\u00e4v\u00e4 sua!\u201d<\/p>\n<p><img loading=\"lazy\" class=\"dots aligncenter wp-image-70 size-full\" src=\"http:\/\/www.viro-instituutti.fi\/nippernaati\/wp-content\/uploads\/2015\/10\/dots.png\" alt=\"dots\" width=\"102\" height=\"20\" srcset=\"https:\/\/www.viro-instituutti.fi\/nippernaati\/wp-content\/uploads\/2015\/10\/dots.png 102w, https:\/\/www.viro-instituutti.fi\/nippernaati\/wp-content\/uploads\/2015\/10\/dots-100x20.png 100w\" sizes=\"(max-width: 102px) 100vw, 102px\" \/><\/p>\n<h3>On toukokuu ja ilta,<br \/>\nsunnuntai ja taivas<br \/>\naprikoosivaahtoa.<\/h3>\n<p>On laitakaupunki, on syrj\u00e4seutu.<br \/>\nLaitakaupungilla ovat varastot ja kaatopaikat ja toimistot.<br \/>\nKummallisissa kaupoissa myyd\u00e4\u00e4n<br \/>\nkummallisia asioita.<br \/>\nJos ehdottomasti tarvitset<br \/>\ntinttikampea, kr\u00f6mp\u00f6tti\u00e4,<br \/>\nimpisuopaa tai k\u00e4mmityst\u00e4,<br \/>\ntied\u00e4t, minne menn\u00e4.<\/p>\n<p>Jonkun kirkon kello ly\u00f6 kaupungin yll\u00e4,<br \/>\nmutta t\u00e4\u00e4ll\u00e4 laidalla on ihan sama,<br \/>\nonko se luterilainen, katolinen<br \/>\ntai aivan joku muu:<br \/>\nlaidalla Jumala on Jumala,<br \/>\nel\u00e4m\u00e4 on el\u00e4m\u00e4\u00e4, kev\u00e4tesikot roskakasassa<br \/>\nkev\u00e4tesikoita roskakasassa<br \/>\nja varmasti kuolemakin on vain kuolemaa.<\/p>\n<p>Ehk\u00e4 niin on my\u00f6s ihan lopussa.<br \/>\nKun alat vedell\u00e4 viimeisi\u00e4si,<br \/>\ntuot johonkin t\u00e4m\u00e4n seudun varastoon haaveesi,<br \/>\nmuistosi, mokasi ja voittosi<br \/>\nsiev\u00e4sti ruskeaan laatikkoon pakattuina,<br \/>\nliivin ja paidan napit auki<br \/>\nojennat housusi, sukkasi ja kenk\u00e4si<\/p>\n<p>ja viilet\u00e4t sitten alasti<br \/>\nyli t\u00e4llaisten laitakenttien<br \/>\njonnekin muualle, jonnekin salaryteikk\u00f6\u00f6n,<br \/>\nkello ly\u00f6 kaupungin yll\u00e4 ja sinulle on ihan sama,<br \/>\nkuuluuko se katolisen vai luterilaisen kirkon tornista.<\/p>\n<p>Seuraavana aamuna tulee kauppaan<br \/>\njoku leppoisa partasuu<br \/>\nja kysyy kaiken tiet\u00e4v\u00e4n n\u00e4k\u00f6isen\u00e4 viisimillist\u00e4 pultituuria.<br \/>\nMyyj\u00e4n kasvot kirkastuvat:<br \/>\n\u201dJust eilen tuli er\u00e4!\u201d<br \/>\nja h\u00e4n ojentaa hyllylt\u00e4<br \/>\nripe\u00e4sti pakkaamasi ruskean laatikon.<\/p>\n<h3>Kaarel E.<\/h3>\n<p>L\u00e4hdin Virosta, koska pelk\u00e4sin, yksinkertaisesti pelk\u00e4sin.<br \/>\nIs\u00e4ni oli tappanut ensimm\u00e4isen neuvostomiehityksen aikana jonkun,<br \/>\nkoska se oli ollut kommunisti.<br \/>\nIs\u00e4 oli my\u00f6s <em>omakaitsessa<\/em> ja Kurgin hyv\u00e4 yst\u00e4v\u00e4 ja sit\u00e4 rataa.<br \/>\nSuurimman osan ajasta h\u00e4n istui mets\u00e4ss\u00e4, miss\u00e4 my\u00f6s kuoli.<\/p>\n<p>S\u00e4\u00e4styttiin \u00e4idin kanssa ihmeen kaupalla kyyditykselt\u00e4,<br \/>\noltiin sukulaisten luona kyl\u00e4ss\u00e4,<br \/>\nalkoi tulla jo kiire<br \/>\nja my\u00f6h\u00e4styttiin bussista.<\/p>\n<p>En sanonut kenellek\u00e4\u00e4n, ett\u00e4 nyt tuli l\u00e4ht\u00f6,<br \/>\nen edes vaimolleni.<br \/>\nMist\u00e4 sen tiet\u00e4\u00e4, olisi voinut l\u00f6rp\u00f6tell\u00e4, ja kaikki pilalla.<br \/>\nPari tuttua miest\u00e4 oli my\u00f6s ja vene, niin,<br \/>\npuhuttu jo, ett\u00e4 silloin ja silloin ja<br \/>\nmist\u00e4 minut otetaan mukaan ja sit\u00e4 rataa.<br \/>\nJa sitten seison illan kynnyksell\u00e4 kotona<br \/>\nja olen juuri sanonut Livialle,<br \/>\nett\u00e4 k\u00e4yn v\u00e4h\u00e4n k\u00e4velem\u00e4ss\u00e4, huvikseni,<br \/>\nja h\u00e4n seisoo ovella, kaunis kuin kukka,<br \/>\nja katsoo sill\u00e4 tavalla kysyv\u00e4sti,<br \/>\nett\u00e4 mit\u00e4 min\u00e4 t\u00e4\u00e4ll\u00e4 yh\u00e4 kuhnin ja<br \/>\ntied\u00e4n \u2013 veneess\u00e4 ei ole en\u00e4\u00e4 paikkoja, niin,<br \/>\nja t\u00e4nne en voi j\u00e4\u00e4d\u00e4.<\/p>\n<p>Ja sitten suljen oven per\u00e4ss\u00e4ni.<br \/>\nMiten monet miehet ovatkaan unelmoineet t\u00e4llaisesta paosta,<br \/>\nmutta eiv\u00e4t ole koskaan uskaltaneet.<br \/>\nVaan min\u00e4p\u00e4 uskalsin, tehk\u00e4\u00e4 per\u00e4ss\u00e4.<\/p>\n<p>Nelj\u00e4kymment\u00e4luvun lopulla kirjoitin vaimolleni,<br \/>\nja viisikymment\u00e4yksi,<br \/>\nja viisikymment\u00e4kaksi,<br \/>\nja viisikymment\u00e4kolme,<br \/>\nja niin edelleen,<br \/>\nkunnes kuusikymment\u00e4kahdeksan saan kirjeen \u2013<br \/>\nNeuvostoliitosta.<\/p>\n<p>23-vuotias poikani kirjoittaa,<br \/>\nett\u00e4 olen nyt isois\u00e4,<br \/>\nett\u00e4 h\u00e4n on puolueessa,<br \/>\nett\u00e4 h\u00e4n sai jotakin jostakin Rameto-kaupasta,<br \/>\nett\u00e4 \u00e4iti on onnellinen ja uusissa naimisissa<br \/>\nja ett\u00e4 minun ei pit\u00e4isi kirjoittaa,<br \/>\nsill\u00e4 ulkomaan sukulaisista on vain harmia.<\/p>\n<p>H\u00e4n kirjoittaa viel\u00e4 pari kertaa, enimm\u00e4kseen omasta el\u00e4m\u00e4st\u00e4\u00e4n.<br \/>\nMin\u00e4 kirjoitan viel\u00e4 pari kertaa, enimm\u00e4kseen omasta el\u00e4m\u00e4st\u00e4ni.<br \/>\n\u00c4iti on kuulemma terve<br \/>\n\u2013 my\u00f6s min\u00e4 olen terve.<br \/>\nKaikilla on kuulemma NL:ssa ty\u00f6t\u00e4.<br \/>\n\u2013 \u201dEl\u00e4mme sosiaalituista\u201d, sit\u00e4 en uskalla kirjoittaa, kirjoitan, ett\u00e4<br \/>\nty\u00f6t\u00e4 on kaikilla ja ruoka on ilmaista.<br \/>\nKolhoosij\u00e4rjestelm\u00e4 on muuttunut tuottoisaksi,<br \/>\n\u2013 min\u00e4 vastaan, ett\u00e4 kaupat ovat t\u00e4ynn\u00e4 tavaraa.<br \/>\nH\u00e4n kirjoittaa, ett\u00e4 kaikki kuuntelevat rokkia,<br \/>\nmin\u00e4, ett\u00e4 n\u00e4in Ringo Starrin ja k\u00e4ttelin.<br \/>\nMin\u00e4 kirjoitan, ett\u00e4 neuvostovalta on j\u00e4lkeenj\u00e4\u00e4nyt,<br \/>\nh\u00e4n, ett\u00e4<br \/>\n<em>\u201ddon\u2019t criticize<\/em><br \/>\n<em> what you can\u2019t understand \u2013<\/em><br \/>\n<em> your sons and daughters<\/em><br \/>\n<em> are beyond your command \u2013<\/em><br \/>\n<em> your old road is<\/em><br \/>\n<em> rapidly agin.\u201d<\/em><\/p>\n<p>Heill\u00e4 on kuulemma Mustam\u00e4ell\u00e4 tilava asunto<br \/>\nja nykyaikainen kalusto.<br \/>\nMinulla on muka asunto pilvenpiirt\u00e4j\u00e4ss\u00e4 ja autotalli<br \/>\nkahdennessakymmenenness\u00e4 kerroksessa.<\/p>\n<p>Ihmettelen itsekin,<br \/>\nmit\u00e4 kaikkea minulla on.<\/p>\n<p>Livia kirjoitti kerran.<br \/>\nNuoriso oli kuulemma nauranut<br \/>\nvuonna 38 ostetulle pitsileningille,<br \/>\nnyt osa siit\u00e4 on nallekarhun p\u00e4\u00e4ll\u00e4.<br \/>\nMutta h\u00e4nell\u00e4 oli se p\u00e4\u00e4ll\u00e4\u00e4n tuona toukokuun aamuna,<br \/>\nkun tapasimme ensimm\u00e4ist\u00e4 kertaa<br \/>\nja tuona syyskuun iltap\u00e4iv\u00e4n\u00e4, kun l\u00e4hdin<br \/>\nel\u00e4m\u00e4npituiselle k\u00e4velylleni.<\/p>\n<h3>Piittaamaton satama<\/h3>\n<p>Muistuu mieleeni, ett\u00e4 me olimme viel\u00e4 kahvilanihilistej\u00e4, vuosisadan alussa,<br \/>\nja puhuimme jalka toisen polven p\u00e4\u00e4ll\u00e4 jumalan kuolemasta, itsemurhasta ja toivottomuudesta.<br \/>\nJossakin vaiheessa tulivat praktikot, jotka eiv\u00e4t malttaneet en\u00e4\u00e4 poltella ja juoda kahvia,<br \/>\njoilla oli kahviloiden sijaan perheet, lapset, koirat ja kissat, ja laivat.<br \/>\nMe sanoimme, ett\u00e4 kaikki on turhaa, mutta he sanovat: \u201dPerseest\u00e4\u201d,<br \/>\nja menev\u00e4t meren yli t\u00f6ihin. Uusi kadonnut sukupolvi.<\/p>\n<h3 id=\"author\" class=\"author\">Kaur Riismaa<\/h3>\n<p>Kaur Riismaa (s. 1986) on Tartossa syntynyt runoilija, prosaisti, n\u00e4ytelm\u00e4kirjailija ja n\u00e4yttelij\u00e4. Riismaan esikoisrunoteos <em>Me hommikud, me p\u00e4evad, \u00f5htud, \u00f6\u00f6d<\/em> (2011) sai ylist\u00e4v\u00e4n vastaanoton.<\/p>\n<p>Erityisesti kiitettiin Riismaan tyylikypsyytt\u00e4, laajaa temaattista repertuaaria sek\u00e4 nuoren runoilijan kiinnostusta ja kyky\u00e4 kirjoittaa el\u00e4ytyneesti virolaisista ja heid\u00e4n kohtaloistaan. Riismaasta on povattu uutta suurta eeppist\u00e4 kirjailijaa ja h\u00e4nt\u00e4 on verrattu muun muassa Jaan Krossiin, Mats Traatiin ja Ene Mihkelsoniin.<\/p>\n<p>Riismaata voi hyv\u00e4ll\u00e4 syyll\u00e4 nimitt\u00e4\u00e4 t\u00e4m\u00e4n p\u00e4iv\u00e4n Viron romanttisimmaksi kirjailijaksi; h\u00e4nen eleganteista teksteist\u00e4\u00e4n huokuu usein itsetietoinen haikeus ja jonkin menneen ajan tai menetetyn ihmisen kaipuu. Vaikka Riismaa on kirjoittanut paljon riipaisevia rakkausrunoja, h\u00e4ness\u00e4 on my\u00f6s aimo annos sosiaalista ja psykologista tarkkan\u00e4k\u00f6isyytt\u00e4, joka l\u00e4vist\u00e4\u00e4 lempe\u00e4sti ihmisten arkip\u00e4iv\u00e4iset toimet ja tuumat niin urbaanissa ymp\u00e4rist\u00f6ss\u00e4 kuin maaseudun hiljaisuudessakin. Nykyisin maaseudulla el\u00e4v\u00e4 kirjailija on sanonut, ett\u00e4 luonnossa h\u00e4nt\u00e4 kiehtoo eniten sen kommunikointikyky. My\u00f6s Riismaan omat tekstit rupattelevat luontevasti lukijalle kuin vanhalle tutulle.<\/p>\n<p>Tuottelias kirjailija voitti Viron kulttuurirahaston kirjallisuuspalkinnon vuonna 2014 per\u00e4ti kahdella runoteoksellaan (<em>Teekond p\u00e4eva l\u00f5ppu<\/em> ja <em>Merimetsa<\/em>). Seuraavana vuonna Riismaa debytoi menes\u00adtyk\u00adsekk\u00e4\u00e4sti kahdella proosateoksella: <em>Pimeda mehe aiad<\/em> (2015) voitti T\u00e4nap\u00e4ev-kustantamon romaanik\u00e4sikirjoituskilpailun ja oli Kulttuurirahaston kirjallisuuspalkintoehdokas yhdess\u00e4 pienoisromaanin <em>P\u00fcham\u00e4gi<\/em> (2015) kanssa. Riismaa on kirjoittanut my\u00f6s kuusi n\u00e4ytelm\u00e4\u00e4. H\u00e4nen seitsem\u00e4s runoteoksensa <em>Soek\u00fclm<\/em>, josta Nippernaatin lukijat saavat jo nyt k\u00e4\u00e4nn\u00f6smaistiaisia, ilmestynee kuluvan vuoden aikana.<\/p>\n<p><img loading=\"lazy\" class=\"dots aligncenter wp-image-70 size-full\" src=\"http:\/\/www.viro-instituutti.fi\/nippernaati\/wp-content\/uploads\/2015\/10\/dots.png\" alt=\"dots\" width=\"102\" height=\"20\" srcset=\"https:\/\/www.viro-instituutti.fi\/nippernaati\/wp-content\/uploads\/2015\/10\/dots.png 102w, https:\/\/www.viro-instituutti.fi\/nippernaati\/wp-content\/uploads\/2015\/10\/dots-100x20.png 100w\" sizes=\"(max-width: 102px) 100vw, 102px\" \/><\/p>\n<h5>Heidi Iivari<\/h5>\n<p>(s. 1974) on tartonsuomalainen sanaty\u00f6l\u00e4inen. H\u00e4n opettaa suomen kielt\u00e4 Tarton yliopistossa sek\u00e4 luennoi ja kirjoittaa suomalaisesta kirjallisuudesta. H\u00e4n on ty\u00f6skennellyt muun muassa Suomen Viron-instituutin ja Runoajelu-festivaalin kirjallisuusprojekteissa ja tapahtumissa.<\/p>\n<p>Runouden k\u00e4\u00e4nt\u00e4minen on koukuttavaa, koska se merkitsee luovuuden suloista tuskaa ja l\u00f6yt\u00e4misen rajatonta riemua. Erityisen kiehtovaa on k\u00e4\u00e4nt\u00e4\u00e4 virosta suomeksi ja saattaa kahden samankaltaisen ja samalla erilaisen kielen kohtaaminen uudeksi, mutta alkuper\u00e4iselle teokselle uskolliseksi tulkinnaksi.<\/p>\n","protected":false},"excerpt":{"rendered":"<p>Lue lis\u00e4\u00e4 kirjailijasta Runoja Suomentanut Heidi Iivari niin pienet lapset niin suurten puiden alla ett\u00e4 alkaa pelottaa nopeasti kuin lapset suureksi pieneksi suurten ajatukset ihmisten synnit n\u00e4kee hyvin talvella pissavana pihan nurkassa Suurin osa suhteista, jotka sattuvat tiellemme, ovat olemassa vain siksi, ettemme suurta yksin\u00e4isyytt\u00e4mme yhten\u00e4\u00e4n itkisi kylpyhuoneen lattialla. On traagista ja huvittavaa, ett\u00e4 ymm\u00e4rr\u00e4mme sen vasta kaiken j\u00e4lkeen. Ja &#8230;<\/p>\n","protected":false},"author":1,"featured_media":0,"parent":289,"menu_order":4,"comment_status":"closed","ping_status":"closed","template":"","meta":{"inline_featured_image":false},"jetpack_sharing_enabled":true,"_links":{"self":[{"href":"https:\/\/www.viro-instituutti.fi\/nippernaati\/wp-json\/wp\/v2\/pages\/306"}],"collection":[{"href":"https:\/\/www.viro-instituutti.fi\/nippernaati\/wp-json\/wp\/v2\/pages"}],"about":[{"href":"https:\/\/www.viro-instituutti.fi\/nippernaati\/wp-json\/wp\/v2\/types\/page"}],"author":[{"embeddable":true,"href":"https:\/\/www.viro-instituutti.fi\/nippernaati\/wp-json\/wp\/v2\/users\/1"}],"replies":[{"embeddable":true,"href":"https:\/\/www.viro-instituutti.fi\/nippernaati\/wp-json\/wp\/v2\/comments?post=306"}],"version-history":[{"count":4,"href":"https:\/\/www.viro-instituutti.fi\/nippernaati\/wp-json\/wp\/v2\/pages\/306\/revisions"}],"predecessor-version":[{"id":357,"href":"https:\/\/www.viro-instituutti.fi\/nippernaati\/wp-json\/wp\/v2\/pages\/306\/revisions\/357"}],"up":[{"embeddable":true,"href":"https:\/\/www.viro-instituutti.fi\/nippernaati\/wp-json\/wp\/v2\/pages\/289"}],"wp:attachment":[{"href":"https:\/\/www.viro-instituutti.fi\/nippernaati\/wp-json\/wp\/v2\/media?parent=306"}],"curies":[{"name":"wp","href":"https:\/\/api.w.org\/{rel}","templated":true}]}}