{"id":469,"date":"2020-06-11T13:55:54","date_gmt":"2020-06-11T10:55:54","guid":{"rendered":"http:\/\/www.viro-instituutti.fi\/nippernaati\/?page_id=469"},"modified":"2020-11-11T10:20:02","modified_gmt":"2020-11-11T08:20:02","slug":"nippernaati-3","status":"publish","type":"page","link":"https:\/\/www.viro-instituutti.fi\/nippernaati\/nippernaati-3\/","title":{"rendered":"Nippernaati 3"},"content":{"rendered":"<div id=\"cs-content\" class=\"cs-content\"><div id=\"x-section-1\" class=\"x-section\" style=\"margin: 0px;padding: 1em 0px 45px; background-color: transparent;\" ><div id=\"\" class=\"x-container max width\" style=\"margin: 0px auto;padding: 0px;\" ><div  class=\"x-column x-sm x-1-1\" style=\"padding: 0px;\" ><h2  class=\"h-custom-headline man h2\" style=\"font-size: 2.5em;\"><span>Nippernaati 3<\/span><\/h2><h3  class=\"h-custom-headline cs-ta-center front-subhead h3\" ><span>suomennetun virolaisen kirjallisuuden antologiasarjan kolmas osa<br \/>\n<\/span><\/h3><div id=\"\" class=\"x-text cs-ta-justify welcome\" style=\"\" ><p>Ker\u00adran vuo\u00addessa ilmes\u00adtyv\u00e4 Nippernaati on Viro-\u00adinstituutin oma aikakaus\u00adjulkaisu\u00adtyyppinen sarja, jonka tavoit\u00adteena on tehd\u00e4 tunnetuksi tuoretta viro\u00adlaista kauno\u00adkirjalli\u00adsuutta. Antologian kolmanteen numeroon on suomen\u00adnettu novelleja, runoutta ja romaani\u00adkatkelmia kaikkiaan kymmenelt\u00e4 viro\u00adlaiselta kirjaili\u00adjalta, joilta ei ole aiemmin juuri tai lainkaan julkaistu suo\u00admeksi. Nippernaatin p\u00e4\u00e4\u00adtoimittaja on Sanna Immanen ja se ilmestyy sek\u00e4 paperi- ett\u00e4 verkko\u00adjulkai\u00adsuna.<\/p>\n<\/div><h3  class=\"h-custom-headline cs-ta-center front-subhead h3\" style=\"margin-top: 0;\"><span>Kolmannen Nippernaatin<br \/>\ntekstit, kirjailijat ja<br \/>\nsuomentajat ovat:<\/span><\/h3><div id=\"\" class=\"x-text cs-ta-center welcome\" style=\"margin-top: 0;\" ><p><a href=\"http:\/\/www.viro-instituutti.fi\/nippernaati\/nippernaati-3\/olavi-ruitlane\/\">Katkelma romaanista Vee peal, Olavi Ruitlane<br \/>\n(Arja Korhonen)<\/a><\/p>\n<p><a href=\"http:\/\/www.viro-instituutti.fi\/nippernaati\/nippernaati-3\/piret-jaaks\/\">Kolibrin lento \/ Ripitt\u00e4ytyminen, Piret Jaaks<br \/>\n(Annamari Typp\u00f6)<\/a><\/p>\n<p><a href=\"http:\/\/www.viro-instituutti.fi\/nippernaati\/nippernaati-3\/mihkel-mutt\/\">Katkelma romaanista \u00fcmberl\u00f5ikaja, Mihkel Mutt<br \/>\n(Raija H\u00e4m\u00e4l\u00e4inen)<\/a><\/p>\n<p><a href=\"http:\/\/www.viro-instituutti.fi\/nippernaati\/nippernaati-3\/mart-kangur\/\">Runoja, Mart Kangur<br \/>\n(Heidi Iivari)<\/a><\/p>\n<p><a href=\"http:\/\/www.viro-instituutti.fi\/nippernaati\/nippernaati-3\/veronika-kivisilla\/\">Runoja, Veronika Kivisilla<br \/>\n(Raija H\u00e4m\u00e4l\u00e4inen)<\/a><\/p>\n<p><a href=\"http:\/\/www.viro-instituutti.fi\/nippernaati\/nippernaati-3\/jaan-pehk\/\">Runoja, Jaan Pehk<br \/>\n(Merja Aho)<\/a><\/p>\n<p><a href=\"http:\/\/www.viro-instituutti.fi\/nippernaati\/nippernaati-3\/eda-ahi\/\">Runoja, Eda Ahi<br \/>\n(Anna Kyr\u00f6)<\/a><\/p>\n<p><a href=\"http:\/\/www.viro-instituutti.fi\/nippernaati\/nippernaati-3\/tiina-laanem\/\">Katkelma romaanista Pildilt kukkujad, Tiina Laanem<br \/>\n(Varja Arola)<\/a><\/p>\n<p><a href=\"http:\/\/www.viro-instituutti.fi\/nippernaati\/nippernaati-3\/sven-vabar\/\">Katutaiteilijat, Sven Vabar<br \/>\n(Anniina Ljokkoi)<\/a><\/p>\n<p><a href=\"http:\/\/www.viro-instituutti.fi\/nippernaati\/nippernaati-3\/valdur-mikita\/\">Katkelma teoksesta Lindvistika, Valdur Mikita<br \/>\n(Hanna Pippuri)<\/a><\/p>\n<p>P\u00e4\u00e4toimittaja: Sanna Immanen.<\/p>\n<p>Toimitusneuvosto: Heidi Iivari, Sanna Immanen, K\u00e4tlin Kaldmaa, Anniina Ljokkoi, Hannu Oittinen ja Kerti Tergem.<\/p>\n<\/div><\/div><\/div><\/div><\/div>\n","protected":false},"excerpt":{"rendered":"","protected":false},"author":1,"featured_media":474,"parent":0,"menu_order":3,"comment_status":"closed","ping_status":"closed","template":"","meta":{"inline_featured_image":false},"jetpack_sharing_enabled":true,"_links":{"self":[{"href":"https:\/\/www.viro-instituutti.fi\/nippernaati\/wp-json\/wp\/v2\/pages\/469"}],"collection":[{"href":"https:\/\/www.viro-instituutti.fi\/nippernaati\/wp-json\/wp\/v2\/pages"}],"about":[{"href":"https:\/\/www.viro-instituutti.fi\/nippernaati\/wp-json\/wp\/v2\/types\/page"}],"author":[{"embeddable":true,"href":"https:\/\/www.viro-instituutti.fi\/nippernaati\/wp-json\/wp\/v2\/users\/1"}],"replies":[{"embeddable":true,"href":"https:\/\/www.viro-instituutti.fi\/nippernaati\/wp-json\/wp\/v2\/comments?post=469"}],"version-history":[{"count":5,"href":"https:\/\/www.viro-instituutti.fi\/nippernaati\/wp-json\/wp\/v2\/pages\/469\/revisions"}],"predecessor-version":[{"id":527,"href":"https:\/\/www.viro-instituutti.fi\/nippernaati\/wp-json\/wp\/v2\/pages\/469\/revisions\/527"}],"wp:featuredmedia":[{"embeddable":true,"href":"https:\/\/www.viro-instituutti.fi\/nippernaati\/wp-json\/wp\/v2\/media\/474"}],"wp:attachment":[{"href":"https:\/\/www.viro-instituutti.fi\/nippernaati\/wp-json\/wp\/v2\/media?parent=469"}],"curies":[{"name":"wp","href":"https:\/\/api.w.org\/{rel}","templated":true}]}}