{"id":503,"date":"2020-11-10T16:31:39","date_gmt":"2020-11-10T14:31:39","guid":{"rendered":"http:\/\/www.viro-instituutti.fi\/nippernaati\/?page_id=503"},"modified":"2020-11-10T16:31:39","modified_gmt":"2020-11-10T14:31:39","slug":"mart-kangur","status":"publish","type":"page","link":"https:\/\/www.viro-instituutti.fi\/nippernaati\/nippernaati-3\/mart-kangur\/","title":{"rendered":"Mart Kangur"},"content":{"rendered":"<h2>Runoja<\/h2>\n<h4>Suomentanut Heidi Iivari<\/h4>\n<p><em>Runot ovat ilmestyneet kokoelmissa K\u00f5rgusekartus (2015) ja Liivini lahti (2017).<\/em><\/p>\n<p>Ty\u00f6nn\u00e4 kieli ulos suusta<br \/>\nheit\u00e4 kadulle<br \/>\nse siipeilij\u00e4<br \/>\nn\u00e4yt\u00e4 punaista<br \/>\nkaavi katetta<br \/>\nliehuta lihaa<br \/>\nk\u00e4ske sen<br \/>\nkimpsuineen kampsuineen<br \/>\nkorjata luunsa<br \/>\nottakoon<br \/>\nkaverinsakin mukaan<br \/>\nheit\u00e4 ajatukset p\u00e4\u00e4st\u00e4<br \/>\nheit\u00e4 tunteet syd\u00e4mest\u00e4<br \/>\nlaita niille<br \/>\ntuli h\u00e4nn\u00e4n alle<br \/>\naja ne<br \/>\nmaailman \u00e4\u00e4riin<br \/>\n\u00e4l\u00e4 s\u00e4\u00e4li<br \/>\nj\u00e4t\u00e4 ne ilman osoitetta<br \/>\nalasti<br \/>\ntyhj\u00e4lle aukealle<br \/>\nv\u00e4risem\u00e4\u00e4n<br \/>\npyyt\u00e4m\u00e4\u00e4n<br \/>\npelk\u00e4\u00e4m\u00e4\u00e4n<br \/>\ntoisin sanoen<br \/>\nrunoile<\/p>\n<h1><img loading=\"lazy\" class=\"dots aligncenter wp-image-70 size-full\" src=\"http:\/\/www.viro-instituutti.fi\/nippernaati\/wp-content\/uploads\/2015\/10\/dots.png\" alt=\"dots\" width=\"102\" height=\"20\" srcset=\"https:\/\/www.viro-instituutti.fi\/nippernaati\/wp-content\/uploads\/2015\/10\/dots.png 102w, https:\/\/www.viro-instituutti.fi\/nippernaati\/wp-content\/uploads\/2015\/10\/dots-100x20.png 100w\" sizes=\"(max-width: 102px) 100vw, 102px\" \/><\/h1>\n<p>el\u00e4\u00e4 niin kuin<br \/>\nkev\u00e4tt\u00e4 ei tulisikaan<br \/>\nei tulisi onnea<br \/>\neik\u00e4 paratiisia<br \/>\nel\u00e4\u00e4 niin kuin<br \/>\nel\u00e4m\u00e4\u00e4 ei tulisikaan<br \/>\nel\u00e4\u00e4 harmaassa<br \/>\nharmaasta harmaaseen<br \/>\nharmaan<br \/>\nkiven l\u00e4pi<br \/>\nsen ainoan<br \/>\narmaan<\/p>\n<h1><img loading=\"lazy\" class=\"dots aligncenter wp-image-70 size-full\" src=\"http:\/\/www.viro-instituutti.fi\/nippernaati\/wp-content\/uploads\/2015\/10\/dots.png\" alt=\"dots\" width=\"102\" height=\"20\" srcset=\"https:\/\/www.viro-instituutti.fi\/nippernaati\/wp-content\/uploads\/2015\/10\/dots.png 102w, https:\/\/www.viro-instituutti.fi\/nippernaati\/wp-content\/uploads\/2015\/10\/dots-100x20.png 100w\" sizes=\"(max-width: 102px) 100vw, 102px\" \/><\/h1>\n<p>tervetuloa<br \/>\nsanan ky\u00f6kin puolelle<br \/>\nmiss\u00e4 kaikki on viel\u00e4<br \/>\nkoristelematta<br \/>\ntarjoilematta<br \/>\nn\u00e4ytteille panematta<br \/>\ntervetuloa h\u00f6yryyn<br \/>\npaistink\u00e4ryyn ja loputtomaan<br \/>\nkilin\u00e4\u00e4n ja kolinaan<br \/>\nnyt ollaankin<br \/>\nvanhan koulun ky\u00f6kiss\u00e4<br \/>\njonka takaovella<br \/>\nvedet\u00e4\u00e4n r\u00f6\u00f6ki\u00e4<br \/>\nja toisella k\u00e4dell\u00e4<br \/>\nhelmoja yhteen<br \/>\nmiss\u00e4 koko ajan<br \/>\npuuttuu jotain<br \/>\ntai j\u00e4\u00e4 yli<br \/>\nlikavett\u00e4 ei ole viel\u00e4<br \/>\nviety ulos<br \/>\nja hopeat on kiillottamatta<br \/>\nmutta se on<br \/>\nty\u00f6n alla<\/p>\n<h1><img loading=\"lazy\" class=\"dots aligncenter wp-image-70 size-full\" src=\"http:\/\/www.viro-instituutti.fi\/nippernaati\/wp-content\/uploads\/2015\/10\/dots.png\" alt=\"dots\" width=\"102\" height=\"20\" srcset=\"https:\/\/www.viro-instituutti.fi\/nippernaati\/wp-content\/uploads\/2015\/10\/dots.png 102w, https:\/\/www.viro-instituutti.fi\/nippernaati\/wp-content\/uploads\/2015\/10\/dots-100x20.png 100w\" sizes=\"(max-width: 102px) 100vw, 102px\" \/><\/h1>\n<p>tekisi mieli riisua viro<br \/>\nliivi\u00e4 my\u00f6ten<br \/>\npuhdistaa<br \/>\nkoota uudelleen<br \/>\ntekisi mieli puhdistaa se<br \/>\nkaikesta siit\u00e4<br \/>\nsaastaisesta puhtaus-retoriikasta<br \/>\ntekisi mieli puhdistaa viro<br \/>\nsiit\u00e4 pikkumaisesta<br \/>\ninhottavasta viro-fetisismist\u00e4<br \/>\njoka haisee<br \/>\nkuin kuollut rotta<br \/>\nvajan nurkassa<br \/>\nkuollut viro<br \/>\nviron asia<br \/>\nj\u00e4hmettynyt m\u00f6ykky<br \/>\nhengenk\u00f6yhyytt\u00e4 pelkoa<br \/>\nkasa muodollisuuksia<br \/>\nsymboleja ja syd\u00e4mett\u00f6myytt\u00e4<br \/>\ntekisi mieli riisua viro<br \/>\nliivi\u00e4 my\u00f6ten<\/p>\n<h1><img loading=\"lazy\" class=\"dots aligncenter wp-image-70 size-full\" src=\"http:\/\/www.viro-instituutti.fi\/nippernaati\/wp-content\/uploads\/2015\/10\/dots.png\" alt=\"dots\" width=\"102\" height=\"20\" srcset=\"https:\/\/www.viro-instituutti.fi\/nippernaati\/wp-content\/uploads\/2015\/10\/dots.png 102w, https:\/\/www.viro-instituutti.fi\/nippernaati\/wp-content\/uploads\/2015\/10\/dots-100x20.png 100w\" sizes=\"(max-width: 102px) 100vw, 102px\" \/><\/h1>\n<p>k\u00e4si pesee k\u00e4tt\u00e4<br \/>\nk\u00e4si kuivaa k\u00e4tt\u00e4<br \/>\nk\u00e4si panee<br \/>\nk\u00e4den nukkumaan<br \/>\nk\u00e4si her\u00e4tt\u00e4\u00e4<br \/>\nk\u00e4den unestaan<br \/>\nk\u00e4si k\u00e4skee k\u00e4tt\u00e4<br \/>\nkirjoittamaan<br \/>\nk\u00e4si nipist\u00e4\u00e4 k\u00e4tt\u00e4<br \/>\nk\u00e4si ly\u00f6 k\u00e4tt\u00e4<br \/>\nk\u00e4si hakkaa<br \/>\nk\u00e4den irti<br \/>\nk\u00e4si ryhtyy<br \/>\nkirjoittamaan k\u00e4dell\u00e4<\/p>\n<h1><img loading=\"lazy\" class=\"dots aligncenter wp-image-70 size-full\" src=\"http:\/\/www.viro-instituutti.fi\/nippernaati\/wp-content\/uploads\/2015\/10\/dots.png\" alt=\"dots\" width=\"102\" height=\"20\" srcset=\"https:\/\/www.viro-instituutti.fi\/nippernaati\/wp-content\/uploads\/2015\/10\/dots.png 102w, https:\/\/www.viro-instituutti.fi\/nippernaati\/wp-content\/uploads\/2015\/10\/dots-100x20.png 100w\" sizes=\"(max-width: 102px) 100vw, 102px\" \/><\/h1>\n<p>kaksi kalaa<br \/>\nviisi leip\u00e4\u00e4<br \/>\nsilkkisukat samovaari<br \/>\nvoita munia raakaa silavaa<br \/>\ntappurakruunu<br \/>\nja sateenkaari<\/p>\n<h1><img loading=\"lazy\" class=\"dots aligncenter wp-image-70 size-full\" src=\"http:\/\/www.viro-instituutti.fi\/nippernaati\/wp-content\/uploads\/2015\/10\/dots.png\" alt=\"dots\" width=\"102\" height=\"20\" srcset=\"https:\/\/www.viro-instituutti.fi\/nippernaati\/wp-content\/uploads\/2015\/10\/dots.png 102w, https:\/\/www.viro-instituutti.fi\/nippernaati\/wp-content\/uploads\/2015\/10\/dots-100x20.png 100w\" sizes=\"(max-width: 102px) 100vw, 102px\" \/><\/h1>\n<p>kaikkihan katsovat \u00f6ljyn hintaa<br \/>\nnasdaq kuulostaa ihan v\u00f5rulta<br \/>\nkaikkihan katsovat<br \/>\nsyyrian sotatilannetta<br \/>\npankkitili\u00e4<br \/>\nja postilaatikkoa<br \/>\nkaikkihan katsovat<br \/>\nvierasta kaunista naista<br \/>\nja omaa vaimoa<br \/>\nsilmiin<br \/>\nkaikkihan katsovat<br \/>\nikkunasta s\u00e4\u00e4t\u00e4<br \/>\nja peiliin<br \/>\ntietty peiliin<br \/>\nei koskaan<br \/>\npeilin taakse<\/p>\n<h1><img loading=\"lazy\" class=\"dots aligncenter wp-image-70 size-full\" src=\"http:\/\/www.viro-instituutti.fi\/nippernaati\/wp-content\/uploads\/2015\/10\/dots.png\" alt=\"dots\" width=\"102\" height=\"20\" srcset=\"https:\/\/www.viro-instituutti.fi\/nippernaati\/wp-content\/uploads\/2015\/10\/dots.png 102w, https:\/\/www.viro-instituutti.fi\/nippernaati\/wp-content\/uploads\/2015\/10\/dots-100x20.png 100w\" sizes=\"(max-width: 102px) 100vw, 102px\" \/><\/h1>\n<p>emme tied\u00e4<br \/>\nmit\u00e4 haluamme<br \/>\nja ennen kaikkea haluamme tiet\u00e4\u00e4<br \/>\nmit\u00e4<br \/>\nja ennen kaikkea ket\u00e4<br \/>\nkenen kanssa<br \/>\nkenen kehoa<br \/>\nhaluamme tiet\u00e4\u00e4<br \/>\nmilt\u00e4 tuntuu<br \/>\nse<br \/>\nkun me<br \/>\nhaluamme<\/p>\n<h1><img loading=\"lazy\" class=\"dots aligncenter wp-image-70 size-full\" src=\"http:\/\/www.viro-instituutti.fi\/nippernaati\/wp-content\/uploads\/2015\/10\/dots.png\" alt=\"dots\" width=\"102\" height=\"20\" srcset=\"https:\/\/www.viro-instituutti.fi\/nippernaati\/wp-content\/uploads\/2015\/10\/dots.png 102w, https:\/\/www.viro-instituutti.fi\/nippernaati\/wp-content\/uploads\/2015\/10\/dots-100x20.png 100w\" sizes=\"(max-width: 102px) 100vw, 102px\" \/><\/h1>\n<p>asiat loppuvat<br \/>\neri aikoihin<br \/>\nensin kahvi<br \/>\nja kun olet hankkinut lis\u00e4\u00e4<br \/>\nsitten kissanruoka<br \/>\nmit\u00e4\u00e4n ei ole saman verran<br \/>\nja kerralla<br \/>\nel\u00e4m\u00e4njano sammuu<br \/>\nennen el\u00e4m\u00e4\u00e4<br \/>\ntai p\u00e4invastoin<br \/>\non taito<br \/>\nlakata rakastamasta<br \/>\nsamaan aikaan<\/p>\n<h1><img loading=\"lazy\" class=\"dots aligncenter wp-image-70 size-full\" src=\"http:\/\/www.viro-instituutti.fi\/nippernaati\/wp-content\/uploads\/2015\/10\/dots.png\" alt=\"dots\" width=\"102\" height=\"20\" srcset=\"https:\/\/www.viro-instituutti.fi\/nippernaati\/wp-content\/uploads\/2015\/10\/dots.png 102w, https:\/\/www.viro-instituutti.fi\/nippernaati\/wp-content\/uploads\/2015\/10\/dots-100x20.png 100w\" sizes=\"(max-width: 102px) 100vw, 102px\" \/><\/h1>\n<h1>Mart Kangur<\/h1>\n<p>Mart Kangur (s. 1971) on kirjoittanut nelj\u00e4 teosta ja kahmaissut niist\u00e4 jokaisella jonkin palkinnon. Vuonna 2005 yhteisty\u00f6ss\u00e4 Ivar Ravin ja Jaak Randin kanssa syntynyt esikoisteos Jaak Rand ja teisi jutte palkittiin Betti Alver -palkinnolla.<\/p>\n<p>Sittemmin Kangur on siirtynyt lyriikkaan. Runokokoelmat Kuldne p\u00f5li (2009) ja K\u00f5rgusekartus (2015) saivat kumpikin Tallinnan yliopiston kirjallisuuspalkinnon. Viimeisin runokokoelma Liivini lahti (\u201dLiivi\u00e4 my\u00f6ten\u201d) julkaistiin t\u00e4n\u00e4 vuonna, mutta kokoelman nimeen viittaava yksitt\u00e4inen runo ilmestyi jo pari vuotta aikaisemmin Vikerkaar-kirjallisuuslehdess\u00e4 ja ansaitsi Juhan Liiv -runopalkinnon vuonna 2016.<\/p>\n<p>Ei olisi ihme, jos uusi runokokoelma ker\u00e4isi lis\u00e4\u00e4 ehdokkuuksia tai palkintoja, sill\u00e4<br \/>\nt\u00e4t\u00e4 kirjoittaessani kokoelman julkaisusta on kulunut vasta pari kuukautta. Kirjallisuuskriitikko Peeter Helme on jo ehtinyt julistaa Kangurin neroksi.<\/p>\n<p>Kangurin runoudessa ilahduttaa ensimm\u00e4isen\u00e4 se, ett\u00e4 jokainen h\u00e4nen teoksensa on edellist\u00e4 viel\u00e4kin parempi: h\u00e4nen ilmaisunsa on ter\u00e4v\u00f6itynyt ja hioutunut. Runot puhuvat suoraan mutta usein leikkimielisesti sek\u00e4 osuvasti Viron yhteiskunnasta ja globaaleista ilmi\u00f6ist\u00e4, ihmisen\u00e4 olemisesta, rakastamisen vaikeudesta, kirjoittamisen metafysiikasta<br \/>\nja kristinuskosta.<\/p>\n<p>Kangurin tyyli on tiivist\u00e4, pelkistetty\u00e4 ja \u00e4\u00e4rimm\u00e4isen rytmist\u00e4. Runoissa on paljon toistoa ja sen muunnelmia sek\u00e4 idiomeja. Vaikka Kangurin runous on vapaamittaista, sit\u00e4 maustavat<br \/>\nusein alku- tai loppusoinnut.<\/p>\n<p>K\u00e4\u00e4nt\u00e4j\u00e4n riemuksi ja kauhuksi Kangur viljelee runsaasti sanaleikkej\u00e4 \u2013 sellainen sis\u00e4ltyy my\u00f6s runoon \u201dtekisi mieli riisua viro \/ liivi\u00e4 my\u00f6ten\u201d, joka viittaa sek\u00e4 Viron kansalliskirjailija Juhan Liiviin ett\u00e4 vaatekappaleen riisumiseen. Runoilija tuntuu rakastavan erityisesti viron kielelle ominaisia yhdysverbej\u00e4 ja adverbej\u00e4. Yhdysverbeiss\u00e4<br \/>\nedusosa pysyy samana, mutta adverbiosaa muuttamalla verbi saa aivan uuden merkityksen.<br \/>\nKangur leikkii my\u00f6s saman yhdysverbin tai pelk\u00e4n adverbin paikalla ja muodostaa siten erilaisia merkityksi\u00e4. Esimerkiksi \u201dtulla v\u00e4lja\u201d tarkoittaa tulla ulos, tulla toimeen, selviyty\u00e4,<br \/>\nilmet\u00e4.<\/p>\n<p>K\u00e4\u00e4nt\u00e4j\u00e4n\u00e4 olen valinnut Kangurilta vain niit\u00e4 runoja, joiden kaikki merkitystasot on mahdollista v\u00e4litt\u00e4\u00e4 suomeksi ilman ett\u00e4 runon rakenne tai rytmi k\u00e4rsii. Suomen ja viron kielisukulaisuus onkin hedelm\u00e4llinen, ja joidenkin runojen kohdalla jopa v\u00e4ltt\u00e4m\u00e4t\u00f6n,<br \/>\nl\u00e4ht\u00f6kohta Kanguria k\u00e4\u00e4nnett\u00e4ess\u00e4.<\/p>\n<p>Mart Kangur on hyvin kielitietoinen ja filosofinen kirjailija, itsekin filosofi, jonka jokainen kirjoitettu sana painaa ja soi. H\u00e4n on saanut paljon kiitosta my\u00f6s vaikeatajuisena pidetyn j\u00e4lkistrukturalistin Jacques Derridan syv\u00e4llisen\u00e4 virontajana.<\/p>\n<h1><img loading=\"lazy\" class=\"dots aligncenter wp-image-70 size-full\" src=\"http:\/\/www.viro-instituutti.fi\/nippernaati\/wp-content\/uploads\/2015\/10\/dots.png\" alt=\"dots\" width=\"102\" height=\"20\" srcset=\"https:\/\/www.viro-instituutti.fi\/nippernaati\/wp-content\/uploads\/2015\/10\/dots.png 102w, https:\/\/www.viro-instituutti.fi\/nippernaati\/wp-content\/uploads\/2015\/10\/dots-100x20.png 100w\" sizes=\"(max-width: 102px) 100vw, 102px\" \/><\/h1>\n<h1>Heidi Iivari<\/h1>\n<p>Heidi Iivari (s. 1974) on tartonsuomalainen sanaty\u00f6l\u00e4inen, joka k\u00e4\u00e4nt\u00e4misen lis\u00e4ksi kirjoittaa ja luennoi kirjallisuudesta sek\u00e4 opettaa suomea. H\u00e4n tiet\u00e4\u00e4, ett\u00e4 hyv\u00e4 runo voi pelastaa p\u00e4iv\u00e4n.<\/p>\n","protected":false},"excerpt":{"rendered":"<p>Runoja Suomentanut Heidi Iivari Runot ovat ilmestyneet kokoelmissa K\u00f5rgusekartus (2015) ja Liivini lahti (2017). Ty\u00f6nn\u00e4 kieli ulos suusta heit\u00e4 kadulle se siipeilij\u00e4 n\u00e4yt\u00e4 punaista kaavi katetta liehuta lihaa k\u00e4ske sen kimpsuineen kampsuineen korjata luunsa ottakoon kaverinsakin mukaan heit\u00e4 ajatukset p\u00e4\u00e4st\u00e4 heit\u00e4 tunteet syd\u00e4mest\u00e4 laita niille tuli h\u00e4nn\u00e4n alle aja ne maailman \u00e4\u00e4riin \u00e4l\u00e4 s\u00e4\u00e4li j\u00e4t\u00e4 ne ilman osoitetta alasti tyhj\u00e4lle &#8230;<\/p>\n","protected":false},"author":1,"featured_media":0,"parent":469,"menu_order":5,"comment_status":"closed","ping_status":"closed","template":"","meta":{"inline_featured_image":false},"jetpack_sharing_enabled":true,"_links":{"self":[{"href":"https:\/\/www.viro-instituutti.fi\/nippernaati\/wp-json\/wp\/v2\/pages\/503"}],"collection":[{"href":"https:\/\/www.viro-instituutti.fi\/nippernaati\/wp-json\/wp\/v2\/pages"}],"about":[{"href":"https:\/\/www.viro-instituutti.fi\/nippernaati\/wp-json\/wp\/v2\/types\/page"}],"author":[{"embeddable":true,"href":"https:\/\/www.viro-instituutti.fi\/nippernaati\/wp-json\/wp\/v2\/users\/1"}],"replies":[{"embeddable":true,"href":"https:\/\/www.viro-instituutti.fi\/nippernaati\/wp-json\/wp\/v2\/comments?post=503"}],"version-history":[{"count":1,"href":"https:\/\/www.viro-instituutti.fi\/nippernaati\/wp-json\/wp\/v2\/pages\/503\/revisions"}],"predecessor-version":[{"id":504,"href":"https:\/\/www.viro-instituutti.fi\/nippernaati\/wp-json\/wp\/v2\/pages\/503\/revisions\/504"}],"up":[{"embeddable":true,"href":"https:\/\/www.viro-instituutti.fi\/nippernaati\/wp-json\/wp\/v2\/pages\/469"}],"wp:attachment":[{"href":"https:\/\/www.viro-instituutti.fi\/nippernaati\/wp-json\/wp\/v2\/media?parent=503"}],"curies":[{"name":"wp","href":"https:\/\/api.w.org\/{rel}","templated":true}]}}