{"id":509,"date":"2020-11-10T16:54:53","date_gmt":"2020-11-10T14:54:53","guid":{"rendered":"http:\/\/www.viro-instituutti.fi\/nippernaati\/?page_id=509"},"modified":"2020-11-10T16:54:53","modified_gmt":"2020-11-10T14:54:53","slug":"jaan-pehk","status":"publish","type":"page","link":"https:\/\/www.viro-instituutti.fi\/nippernaati\/nippernaati-3\/jaan-pehk\/","title":{"rendered":"Jaan Pehk"},"content":{"rendered":"<h2>Runoja<\/h2>\n<h4>Suomentanut Merja Aho<\/h4>\n<p>1994<br \/>\n28. syyskuuta<br \/>\nher\u00e4\u00e4n R\u00e4pinan puutarhaopiston<br \/>\nasuntolassa<br \/>\nymp\u00e4rist\u00f6nsuojelun opiskelijana<br \/>\nl\u00e4hden kouluun<br \/>\nensimm\u00e4inen tunti<br \/>\nhydrologiaa<\/p>\n<p>opettaja ilmoittaa surullisena<br \/>\niso laiva on uponnut<br \/>\nmukana paljon virolaisia<\/p>\n<p>koulun j\u00e4lkeen palaan<br \/>\nasuntolaan<br \/>\nkomendantti koputtaa ovelle<br \/>\nJaan, poliisi haluaa puhua kanssasi<br \/>\noho!<\/p>\n<p>p\u00e4iv\u00e4\u00e4 oletteko te Jaan Pehk<br \/>\ntulkaapa autoon<br \/>\nmiten te pelastuitte?<br \/>\noliko teill\u00e4 pelastusliivit?<br \/>\nei, min\u00e4 en ollut sill\u00e4 laivalla\u2026<br \/>\nkyll\u00e4 me tied\u00e4mme olitteko vai ette<br \/>\np\u00e4\u00e4sittek\u00f6 pelastuslautalle<br \/>\nen p\u00e4\u00e4ssyt\u2026<br \/>\nno kertokaa sitten miten on mahdollista<br \/>\nett\u00e4 olette t\u00e4\u00e4ll\u00e4<br \/>\nen min\u00e4 tied\u00e4\u2026 no k\u00e4yn t\u00e4\u00e4ll\u00e4 koulua\u2026<br \/>\nkuulkaas ei kai poliisi tyhm\u00e4 ole<br \/>\ntied\u00e4mme ett\u00e4 k\u00e4ytte koulua<br \/>\nmutta harkitkaa tarkkaan mit\u00e4 puhutte<br \/>\notamme teihin yhteytt\u00e4<br \/>\nvoitte nyt menn\u00e4<\/p>\n<p>palaan k\u00e4mpp\u00e4\u00e4ni ymm\u00e4rt\u00e4m\u00e4tt\u00e4 mit\u00e4\u00e4n<br \/>\nkomendantti koputtaa<br \/>\nluoja taasko poliisi<br \/>\nei<\/p>\n<p>Jaan sinulle on puhelu<br \/>\nTallinnasta soitetaan<\/p>\n<p>Kriisikomission<br \/>\nkysymysvy\u00f6ry:<br \/>\np\u00e4iv\u00e4\u00e4 oletteko Jaan Pehk<br \/>\nmin\u00e4 vuonna olette syntynyt?<br \/>\nkuinka pitk\u00e4 olette?<br \/>\nonko tukkanne tumma vai vaalea?<br \/>\nkihara vai suora?<br \/>\ntumma ja kihara<br \/>\nvastaan<br \/>\nsopii!<br \/>\notamme teihin yhteytt\u00e4<br \/>\nkuulemiin<\/p>\n<p>muuan luokkatoveri juoksee k\u00e4yt\u00e4v\u00e4ll\u00e4 vastaan<br \/>\nhuutaa minulle<br \/>\nradiossa luettiin hukkuneiden nimet<br \/>\nja niiden joukossa oli my\u00f6s<br \/>\nJaan Pehk<\/p>\n<p>tiesin sen Jaan Pehkin<br \/>\nh\u00e4n ei ainoastaan juossut<br \/>\nvaan ajoi py\u00f6r\u00e4ll\u00e4 ja oli taitava uimari<br \/>\nhetkeksi silmien eteen palaa muisto<br \/>\nkahdeksankymmenluvulta<br \/>\nkun telkkarissa n\u00e4ytettiin triatlonkilpailua<br \/>\nJaan Pehk meni johtoon!<br \/>\nolin ylpe\u00e4 nimekk\u00e4\u00e4st\u00e4 kaimastani<\/p>\n<p>iltap\u00e4iv\u00e4ll\u00e4 tehd\u00e4\u00e4n retki<br \/>\nPiusan luoliin<br \/>\njoka puolella hiekkaa<br \/>\nkuljemme pitkin vanhoja k\u00e4yt\u00e4vi\u00e4<br \/>\n\u00e4kki\u00e4 takaa kuuluu kumea m\u00e4tk\u00e4hdys<br \/>\nparin askeleen p\u00e4\u00e4st\u00e4<br \/>\nluolan katosta on pudonnut<br \/>\npari tonnia hiekkaa<br \/>\nmiehenkorkuinen keko<br \/>\nsamana p\u00e4iv\u00e4n\u00e4 oli melkein h\u00e4vinnyt<br \/>\nkaksi Jaan Pehki\u00e4<br \/>\ntoinen meren syvyyksiin<br \/>\ntoinen maan uumeniin<\/p>\n<p>samoihin aikoihin kotikaupungissani Tu\u0308riss\u00e4<br \/>\nsoitetaan vanhemmilleni<br \/>\np\u00e4iv\u00e4\u00e4 hukkuiko teid\u00e4n Jaan haaksirikossa<br \/>\nei hukkunut<br \/>\nmeid\u00e4n Jaan on koulussa<br \/>\nahaa\u2026 no voi harmin paikka<br \/>\ntuut-tuut-tuut<\/p>\n<p>muutama p\u00e4iv\u00e4 my\u00f6hemmin kuljeskelen Tu\u0308riss\u00e4<br \/>\nn\u00e4en joitakin h\u00e4mmentyneit\u00e4 ilmeit\u00e4<br \/>\nihan kuin olisin jollekulle velkaa<br \/>\nett\u00e4 en istu meren pohjassa<br \/>\nvaan k\u00e4velen keskell\u00e4 kaupunkia<br \/>\nmiten se kehtaa \u2013 kerrottiinhan ett\u00e4 se hukkui<\/p>\n<p>meri<br \/>\nmit\u00e4 sin\u00e4 oikein teit heille<\/p>\n<h1><img loading=\"lazy\" class=\"dots aligncenter wp-image-70 size-full\" src=\"http:\/\/www.viro-instituutti.fi\/nippernaati\/wp-content\/uploads\/2015\/10\/dots.png\" alt=\"dots\" width=\"102\" height=\"20\" srcset=\"https:\/\/www.viro-instituutti.fi\/nippernaati\/wp-content\/uploads\/2015\/10\/dots.png 102w, https:\/\/www.viro-instituutti.fi\/nippernaati\/wp-content\/uploads\/2015\/10\/dots-100x20.png 100w\" sizes=\"(max-width: 102px) 100vw, 102px\" \/><\/h1>\n<p>angiina<br \/>\nkurkku on<br \/>\npunainen<br \/>\nkuin tomaatti<\/p>\n<h1><img loading=\"lazy\" class=\"dots aligncenter wp-image-70 size-full\" src=\"http:\/\/www.viro-instituutti.fi\/nippernaati\/wp-content\/uploads\/2015\/10\/dots.png\" alt=\"dots\" width=\"102\" height=\"20\" srcset=\"https:\/\/www.viro-instituutti.fi\/nippernaati\/wp-content\/uploads\/2015\/10\/dots.png 102w, https:\/\/www.viro-instituutti.fi\/nippernaati\/wp-content\/uploads\/2015\/10\/dots-100x20.png 100w\" sizes=\"(max-width: 102px) 100vw, 102px\" \/><\/h1>\n<p>ette varmaan usko<br \/>\nmutta<br \/>\neilen seitsem\u00e4lt\u00e4<br \/>\nheitin nopalla<br \/>\nkahdeksan<\/p>\n<h1><img loading=\"lazy\" class=\"dots aligncenter wp-image-70 size-full\" src=\"http:\/\/www.viro-instituutti.fi\/nippernaati\/wp-content\/uploads\/2015\/10\/dots.png\" alt=\"dots\" width=\"102\" height=\"20\" srcset=\"https:\/\/www.viro-instituutti.fi\/nippernaati\/wp-content\/uploads\/2015\/10\/dots.png 102w, https:\/\/www.viro-instituutti.fi\/nippernaati\/wp-content\/uploads\/2015\/10\/dots-100x20.png 100w\" sizes=\"(max-width: 102px) 100vw, 102px\" \/><\/h1>\n<p>PUHELU PUHELINOPERAATTORIN<br \/>\nASIAKASTUKEEN<br \/>\nTuki: Mik\u00e4 on salasananne?<br \/>\nMin\u00e4: \u00d6\u00f6\u00f6\u00f6\u2026 hitto, en oikein muista, mutta<br \/>\n\u00f6\u00f6\u00f6\u00f6\u2026 taitaa olla Koira tai sitten Leip\u00e4\u2026?<br \/>\nTuki: No \u2013 jaa. Siis kumpi?<br \/>\nMin\u00e4: \u00d6\u00f6\u00f6\u00f6\u2026 ehk\u00e4 kuitenkin Leip\u00e4?<br \/>\nTuki: No ei ollut Leip\u00e4. Olkaa hyv\u00e4 ja soittakaa<br \/>\nuudelleen.<br \/>\nTuut-tuut-tuut\u2026<\/p>\n<h1><img loading=\"lazy\" class=\"dots aligncenter wp-image-70 size-full\" src=\"http:\/\/www.viro-instituutti.fi\/nippernaati\/wp-content\/uploads\/2015\/10\/dots.png\" alt=\"dots\" width=\"102\" height=\"20\" srcset=\"https:\/\/www.viro-instituutti.fi\/nippernaati\/wp-content\/uploads\/2015\/10\/dots.png 102w, https:\/\/www.viro-instituutti.fi\/nippernaati\/wp-content\/uploads\/2015\/10\/dots-100x20.png 100w\" sizes=\"(max-width: 102px) 100vw, 102px\" \/><\/h1>\n<h1>Jaan Pehk<\/h1>\n<p>Jaan Pehk (s. 1975) on kirjallisuuden ja esitt\u00e4v\u00e4n taiteen ammattilainen. H\u00e4n on runoilija, viisunikkari, s\u00e4velt\u00e4j\u00e4, n\u00e4yttelij\u00e4 ja laulaja. Pehk on julkaissut viisi runokokoelmaa. Lis\u00e4ksi h\u00e4n on sanoittanut useiden virolaisartistien, esimerkiksi Liisi Koiksonin biisej\u00e4. Omia tekstej\u00e4\u00e4n Pehk on levytt\u00e4nyt Orelipoiss-pseudonyyminimell\u00e4.<\/p>\n<p>Niin runojen kuin laulujenkin aiheet Pehk ammentaa arkisista asioita ja tapahtumista,<br \/>\njoita s\u00e4vytt\u00e4\u00e4 yll\u00e4tyksellinen huumori. Virolaisten radiokanavien soittolistojen kestosuosikki on Pehkin kaunis ja humoristinen biisi Neli j\u00e4\u00e4tist (\u201cNelj\u00e4 j\u00e4\u00e4tel\u00f6\u00e4\u201d), jossa my\u00f6s taiteilijan monipuolinen \u00e4\u00e4nirekisteri p\u00e4\u00e4see oikeuksiin.<\/p>\n<h1><img loading=\"lazy\" class=\"dots aligncenter wp-image-70 size-full\" src=\"http:\/\/www.viro-instituutti.fi\/nippernaati\/wp-content\/uploads\/2015\/10\/dots.png\" alt=\"dots\" width=\"102\" height=\"20\" srcset=\"https:\/\/www.viro-instituutti.fi\/nippernaati\/wp-content\/uploads\/2015\/10\/dots.png 102w, https:\/\/www.viro-instituutti.fi\/nippernaati\/wp-content\/uploads\/2015\/10\/dots-100x20.png 100w\" sizes=\"(max-width: 102px) 100vw, 102px\" \/><\/h1>\n<h1>Merja Aho<\/h1>\n<p>Merja Aho ty\u00f6skentelee Kirjallisuuden vientikeskuksessa FILIss\u00e4 k\u00e4\u00e4nt\u00e4j\u00e4ohjelmien<br \/>\nkoordinaattorina. P\u00e4\u00e4ty\u00f6ns\u00e4 ohella h\u00e4n suomentaa virosta niin asiatekstej\u00e4 kuin kaunokirjallisuutta. Aho on suomentanut virolaista runoutta moniin runoustapahtumiin, muun muassa Timo Maranilta ja Kaupo Meielilt\u00e4. Julkaistuja suomennoksia ovat<br \/>\nmm. Mats Traatin Haralan el\u00e4m\u00e4kertoja (ntamo, 2011) sek\u00e4 Doris Karevan ja Liisi Ojamaan runoja suomalaisvirolaisissa antologioissa 8 + 8 ja 8 + 8 II (NyNorden 2013 ja 2015).<\/p>\n<p>&nbsp;<\/p>\n","protected":false},"excerpt":{"rendered":"<p>Runoja Suomentanut Merja Aho 1994 28. syyskuuta her\u00e4\u00e4n R\u00e4pinan puutarhaopiston asuntolassa ymp\u00e4rist\u00f6nsuojelun opiskelijana l\u00e4hden kouluun ensimm\u00e4inen tunti hydrologiaa opettaja ilmoittaa surullisena iso laiva on uponnut mukana paljon virolaisia koulun j\u00e4lkeen palaan asuntolaan komendantti koputtaa ovelle Jaan, poliisi haluaa puhua kanssasi oho! p\u00e4iv\u00e4\u00e4 oletteko te Jaan Pehk tulkaapa autoon miten te pelastuitte? oliko teill\u00e4 pelastusliivit? ei, min\u00e4 en ollut sill\u00e4 laivalla\u2026 &#8230;<\/p>\n","protected":false},"author":1,"featured_media":0,"parent":469,"menu_order":7,"comment_status":"closed","ping_status":"closed","template":"","meta":{"inline_featured_image":false},"jetpack_sharing_enabled":true,"_links":{"self":[{"href":"https:\/\/www.viro-instituutti.fi\/nippernaati\/wp-json\/wp\/v2\/pages\/509"}],"collection":[{"href":"https:\/\/www.viro-instituutti.fi\/nippernaati\/wp-json\/wp\/v2\/pages"}],"about":[{"href":"https:\/\/www.viro-instituutti.fi\/nippernaati\/wp-json\/wp\/v2\/types\/page"}],"author":[{"embeddable":true,"href":"https:\/\/www.viro-instituutti.fi\/nippernaati\/wp-json\/wp\/v2\/users\/1"}],"replies":[{"embeddable":true,"href":"https:\/\/www.viro-instituutti.fi\/nippernaati\/wp-json\/wp\/v2\/comments?post=509"}],"version-history":[{"count":1,"href":"https:\/\/www.viro-instituutti.fi\/nippernaati\/wp-json\/wp\/v2\/pages\/509\/revisions"}],"predecessor-version":[{"id":510,"href":"https:\/\/www.viro-instituutti.fi\/nippernaati\/wp-json\/wp\/v2\/pages\/509\/revisions\/510"}],"up":[{"embeddable":true,"href":"https:\/\/www.viro-instituutti.fi\/nippernaati\/wp-json\/wp\/v2\/pages\/469"}],"wp:attachment":[{"href":"https:\/\/www.viro-instituutti.fi\/nippernaati\/wp-json\/wp\/v2\/media?parent=509"}],"curies":[{"name":"wp","href":"https:\/\/api.w.org\/{rel}","templated":true}]}}