{"id":512,"date":"2020-11-10T17:02:57","date_gmt":"2020-11-10T15:02:57","guid":{"rendered":"http:\/\/www.viro-instituutti.fi\/nippernaati\/?page_id=512"},"modified":"2020-11-10T17:02:57","modified_gmt":"2020-11-10T15:02:57","slug":"eda-ahi","status":"publish","type":"page","link":"https:\/\/www.viro-instituutti.fi\/nippernaati\/nippernaati-3\/eda-ahi\/","title":{"rendered":"Eda Ahi"},"content":{"rendered":"<h2>Runoja<\/h2>\n<h3>Suomentanut Anna Kyr\u00f6<\/h3>\n<p><em>Runot ovat ilmestyneet kokoelmissa Gravitatsioon (2013), Julgeolek (2014) ja Sadam<\/em><br \/>\n<em>(2017).<\/em><\/p>\n<h4>Tanssitunnit maan vetovoiman kanssa<\/h4>\n<p>tanssitat kaikkia, maan vetovoima,<br \/>\nvain rohkeat tuntevat askeleet.<br \/>\nluonteesi tasapuolisen julma<br \/>\nvet\u00e4\u00e4 puoleesi kivet ja h\u00f6yhenet.<br \/>\nkruunusi painaa otsani maahan,<br \/>\nn\u00f6yr\u00e4sti k\u00e4yn, minne minua viet.<br \/>\nrakastan sinua, maan vetovoima,<br \/>\nlinnuille j\u00e4\u00e4k\u00f6\u00f6t siipien tiet.<\/p>\n<h1><img loading=\"lazy\" class=\"dots aligncenter wp-image-70 size-full\" src=\"http:\/\/www.viro-instituutti.fi\/nippernaati\/wp-content\/uploads\/2015\/10\/dots.png\" alt=\"dots\" width=\"102\" height=\"20\" srcset=\"https:\/\/www.viro-instituutti.fi\/nippernaati\/wp-content\/uploads\/2015\/10\/dots.png 102w, https:\/\/www.viro-instituutti.fi\/nippernaati\/wp-content\/uploads\/2015\/10\/dots-100x20.png 100w\" sizes=\"(max-width: 102px) 100vw, 102px\" \/><\/h1>\n<h4>Aatamille<\/h4>\n<p>vaikka pieneksi hetkeksi valtaan<br \/>\njouduin t\u00e4ydellisen psykoosin<br \/>\nen katunut, miksi olisinkaan.<br \/>\ntahdoin vain itke\u00e4 kainaloosi.<br \/>\nsiit\u00e4 hyv\u00e4n ja pahan janosta<br \/>\nen vapaudu, veljeni.<br \/>\nse ei piittaa vastaanpanosta.<br \/>\nmiksi pett\u00e4\u00e4 itse\u00e4ni:<br \/>\nen koskaan muutu muuksi.<br \/>\netsi itselle oma haltijatar,<br \/>\njolle ryhdyt silmiksi, suuksi.<br \/>\nvaikka varjosi viel\u00e4 kauan<br \/>\npysyy laivani mastopuuna,<br \/>\nen, Aatami, koskaan muutu<br \/>\nniin luutuneeksi, ett\u00e4 kest\u00e4n<br \/>\nkenenk\u00e4\u00e4n kylkiluuna.<\/p>\n<h1><img loading=\"lazy\" class=\"dots aligncenter wp-image-70 size-full\" src=\"http:\/\/www.viro-instituutti.fi\/nippernaati\/wp-content\/uploads\/2015\/10\/dots.png\" alt=\"dots\" width=\"102\" height=\"20\" srcset=\"https:\/\/www.viro-instituutti.fi\/nippernaati\/wp-content\/uploads\/2015\/10\/dots.png 102w, https:\/\/www.viro-instituutti.fi\/nippernaati\/wp-content\/uploads\/2015\/10\/dots-100x20.png 100w\" sizes=\"(max-width: 102px) 100vw, 102px\" \/><\/h1>\n<p>luhistut? siis laula lujemmin.<br \/>\nper\u00e4\u00e4nnyt? vain tanssiaskelin.<br \/>\nvaikka hautaan, aina hymyillen.<br \/>\ntiesith\u00e4n jo kauan sisimm\u00e4ss\u00e4:<br \/>\ntoimi itse, \u00e4l\u00e4 suostu kaikkeen el\u00e4m\u00e4ss\u00e4.<br \/>\njos et tahdo riutua vaan kest\u00e4\u00e4,<br \/>\nsinun pit\u00e4\u00e4 omat haavat pest\u00e4<br \/>\nsuolaisessa<br \/>\nmerivedess\u00e4.<\/p>\n<h1><img loading=\"lazy\" class=\"dots aligncenter wp-image-70 size-full\" src=\"http:\/\/www.viro-instituutti.fi\/nippernaati\/wp-content\/uploads\/2015\/10\/dots.png\" alt=\"dots\" width=\"102\" height=\"20\" srcset=\"https:\/\/www.viro-instituutti.fi\/nippernaati\/wp-content\/uploads\/2015\/10\/dots.png 102w, https:\/\/www.viro-instituutti.fi\/nippernaati\/wp-content\/uploads\/2015\/10\/dots-100x20.png 100w\" sizes=\"(max-width: 102px) 100vw, 102px\" \/><\/h1>\n<h4>Kunnianhimo<\/h4>\n<p>en kanna muodikasta piikkikruunua.<br \/>\nkapulat heitt\u00e4\u00e4 ajatusten rattaisiin<br \/>\ntuo komentaja, jonka \u00e4\u00e4nen sointia<br \/>\nen sekoittaa voi \u00e4\u00e4niin tuhansiin.<br \/>\nvaikka tied\u00e4n, kuinka rautaote kuristaa,<br \/>\nsuutelen kunnianhimon suuta kutsuvaa<br \/>\nja tajuan: teen virheen seuraavan.<br \/>\nvaan aina suoraan h\u00e4nen luokseen,<br \/>\nsokea orjuus on niin kodikasta.<br \/>\nkylm\u00e4ss\u00e4 vuoteessa \u00f6isin kieriskelen,<br \/>\nnukahdan rakkaan katumuksen kainalossa vasta.<\/p>\n<h1><img loading=\"lazy\" class=\"dots aligncenter wp-image-70 size-full\" src=\"http:\/\/www.viro-instituutti.fi\/nippernaati\/wp-content\/uploads\/2015\/10\/dots.png\" alt=\"dots\" width=\"102\" height=\"20\" srcset=\"https:\/\/www.viro-instituutti.fi\/nippernaati\/wp-content\/uploads\/2015\/10\/dots.png 102w, https:\/\/www.viro-instituutti.fi\/nippernaati\/wp-content\/uploads\/2015\/10\/dots-100x20.png 100w\" sizes=\"(max-width: 102px) 100vw, 102px\" \/><\/h1>\n<h4>Tatjanan kirje Oneginille<\/h4>\n<p>kirjoitan teille, siin\u00e4 kaikki.<br \/>\nnuorempi jos olisitte mies,<br \/>\nk\u00e4visi viel\u00e4 toteen kenties<br \/>\nsuunnitelmanne. se siit\u00e4,<br \/>\nolenhan vain maalaispiika.<br \/>\neik\u00f6 niin, armollinen herra?<br \/>\nette tainnut koskaan uskoa,<br \/>\nett\u00e4 minunkin mittani t\u00e4yttyy kerran.<br \/>\nmink\u00e4 mahtaa, apina on aina apina,<br \/>\nolkoon kuningas tai kreivi.<br \/>\neik\u00e4 mik\u00e4\u00e4n k\u00e4skypreivi<br \/>\nminua voi velvoittaa<br \/>\nhoitamaan kuin pikkulasta,<br \/>\nOnegin, teid\u00e4nlaista paskiaista.<\/p>\n<h1><img loading=\"lazy\" class=\"dots aligncenter wp-image-70 size-full\" src=\"http:\/\/www.viro-instituutti.fi\/nippernaati\/wp-content\/uploads\/2015\/10\/dots.png\" alt=\"dots\" width=\"102\" height=\"20\" srcset=\"https:\/\/www.viro-instituutti.fi\/nippernaati\/wp-content\/uploads\/2015\/10\/dots.png 102w, https:\/\/www.viro-instituutti.fi\/nippernaati\/wp-content\/uploads\/2015\/10\/dots-100x20.png 100w\" sizes=\"(max-width: 102px) 100vw, 102px\" \/><\/h1>\n<h4>Aidan vierustalla<\/h4>\n<p>on lokakuu. luon katseen maahan.<br \/>\nja maa on j\u00e4lleen musta mik\u00e4 musta.<br \/>\nen haluaisi menn\u00e4 mets\u00e4\u00e4n, mutta<br \/>\naidattu pihakaan ei anna innoitusta.<br \/>\nen pyri paratiisin puutarhaan,<br \/>\nen aidan taakse menn\u00e4 uskalla.<br \/>\njos p\u00e4\u00e4sen kerran muurin yli vilkaisemaan,<br \/>\nvoin rauhallisin mielin t\u00e4\u00e4lt\u00e4 poistua.<\/p>\n<h1><img loading=\"lazy\" class=\"dots aligncenter wp-image-70 size-full\" src=\"http:\/\/www.viro-instituutti.fi\/nippernaati\/wp-content\/uploads\/2015\/10\/dots.png\" alt=\"dots\" width=\"102\" height=\"20\" srcset=\"https:\/\/www.viro-instituutti.fi\/nippernaati\/wp-content\/uploads\/2015\/10\/dots.png 102w, https:\/\/www.viro-instituutti.fi\/nippernaati\/wp-content\/uploads\/2015\/10\/dots-100x20.png 100w\" sizes=\"(max-width: 102px) 100vw, 102px\" \/><\/h1>\n<h4>\u00d6ljy\u00e4 hakukoneeseen<\/h4>\n<p>y\u00f6 on kylm\u00e4, pyrst\u00f6t\u00e4hdet taivaalla,<br \/>\nlumi, potkukelkan pitk\u00e4t j\u00e4ljet,<br \/>\nkuurakerros turkilla ja huivilla,<br \/>\nkatseessasi utelias v\u00e4lke.<br \/>\nt\u00e4n\u00e4 iltana kun menet kotiin,<br \/>\nguugleta mut, rakas, siit\u00e4 vaan.<br \/>\ntotuuteen ei ole tiet\u00e4 suorempaa.<br \/>\nusko pois, ei ole synti guuglettaa.<br \/>\narvoituksellisuus salaper\u00e4inen<br \/>\nhaihtuu kyll\u00e4 ilman sit\u00e4kin.<br \/>\nkuten utelias v\u00e4lke katseesta:<br \/>\nvaikka vilpit\u00f6n, niin vailla tunnetta.<\/p>\n<h1><img loading=\"lazy\" class=\"dots aligncenter wp-image-70 size-full\" src=\"http:\/\/www.viro-instituutti.fi\/nippernaati\/wp-content\/uploads\/2015\/10\/dots.png\" alt=\"dots\" width=\"102\" height=\"20\" srcset=\"https:\/\/www.viro-instituutti.fi\/nippernaati\/wp-content\/uploads\/2015\/10\/dots.png 102w, https:\/\/www.viro-instituutti.fi\/nippernaati\/wp-content\/uploads\/2015\/10\/dots-100x20.png 100w\" sizes=\"(max-width: 102px) 100vw, 102px\" \/><\/h1>\n<h1>Eda Ahi<\/h1>\n<p>Kun Eda Ahin (s. 1990 Tallinnassa) ensimm\u00e4inen runokokoelma<br \/>\nMaskiball (\u201dNaamiaiset\u201d) ilmestyi 2012 ja sai vuoden parhaalle esikoisteokselle<br \/>\ntarkoitetun Betti Alver -palkinnon, kiinnitettiin erityisesti huomiota runojen mitallisuuteen ja riimeihin, eik\u00e4 ihme, sill\u00e4 ne eiv\u00e4t ole 2010-luvun runouden tavallisimpia ilmaisukeinoja.<\/p>\n<p>Huomiota saivat my\u00f6s sanojen monimerkityksisyytt\u00e4 ja foneettista samankaltaisuutta sek\u00e4 sanontoja hy\u00f6dynt\u00e4v\u00e4t kielipelit, joilla Ahi k\u00e4\u00e4nt\u00e4\u00e4 lukijan mieless\u00e4 jo her\u00e4nneet tulkinnat uusiin asentoihin.<\/p>\n<p>Esikoista seuranneissa kokoelmissa Gravitatsioon (\u201dPainovoima\u201d, 2013), Julgeolek (\u201dTurvallisuus\u201d, 2014) ja Sadam (\u201dSatama\u201d, 2017) runoilija on kehitt\u00e4nyt ilmaisuaan ja aiheitaan vaihtelevampaan suuntaan. Uusien teosten my\u00f6t\u00e4 on k\u00e4ynyt yh\u00e4 selvemm\u00e4ksi, ett\u00e4 muotokeinot eiv\u00e4t ole itsetarkoitus vaan tila, jossa runot el\u00e4v\u00e4t toistensa kanssa.<\/p>\n<p>Nelj\u00e4n kokoelman lis\u00e4ksi Ahin runoja on julkaistu aikakauskirjoissa V\u00e4rske R\u00f5hk, Looming ja Vikerkaar. Ahi on my\u00f6s yhten\u00e4 kirjoittajana Loomingu Raamatukogun julkaisuna 2016\/1 ilmestyneess\u00e4 yhteisteoksessa 13 Eesti kirja. Julgeolek oli ehdokkaana Viron<br \/>\nkulttuurirahaston ja Gravitatsioon sek\u00e4 Loomingissa ilmestynyt runo Tallinnan yliopiston kirjallisuuspalkinnon saajaksi. Runoja on k\u00e4\u00e4nnetty ainakin englanniksi, ven\u00e4j\u00e4ksi ja liettuaksi. Ahi k\u00e4\u00e4nt\u00e4\u00e4 itsekin kaunokirjallisuutta ven\u00e4j\u00e4st\u00e4 ja italiasta.<\/p>\n<p>Suppea k\u00e4\u00e4nn\u00f6svalikoima ei voi antaa kattavaa kuvaa Ahin runouden kirjosta ja kehityskaaresta. Sit\u00e4 paitsi Ahille ominaiset kielipelit menett\u00e4v\u00e4t s\u00e4ihkett\u00e4\u00e4n, kun niit\u00e4 siirret\u00e4\u00e4n l\u00e4heiseenkin kieleen. Arkiel\u00e4m\u00e4n tai kirjallisuuden kautta k\u00e4sitelty rakkaus ja sen uhka naisen itseydelle ovat varsinkin ensimm\u00e4isten kokoelmien keskeinen<br \/>\nteema. Ahi lukee runoissaan uudelleen ja toisin Viron ja maailmankirjallisuuden<br \/>\nklassikkoja, mink\u00e4 vuoksi runojen avautuminen vaatii jonkin verran kirjallisuuden tuntemusta. Muita aiheita ovat ajankohtaiset maailman tapahtumat. Joissakin runoissa ammennetaan kansanperinteest\u00e4. Virolaisuutta, tuoreimmassa kokoelmassa my\u00f6s<br \/>\nsuomalaisuutta, tarkastellaan kriittisen ilkikurisesti. Joukosta l\u00f6ytyy<br \/>\nmy\u00f6s hiljaisia ja herkki\u00e4, keskeislyyrisi\u00e4 runoja. Filologin ja politiikan<br \/>\ntutkijan koulutukset antavat taustakaikua Ahin runoudelle.<\/p>\n<h1><img loading=\"lazy\" class=\"dots aligncenter wp-image-70 size-full\" src=\"http:\/\/www.viro-instituutti.fi\/nippernaati\/wp-content\/uploads\/2015\/10\/dots.png\" alt=\"dots\" width=\"102\" height=\"20\" srcset=\"https:\/\/www.viro-instituutti.fi\/nippernaati\/wp-content\/uploads\/2015\/10\/dots.png 102w, https:\/\/www.viro-instituutti.fi\/nippernaati\/wp-content\/uploads\/2015\/10\/dots-100x20.png 100w\" sizes=\"(max-width: 102px) 100vw, 102px\" \/><\/h1>\n<h1>Anna Kyr\u00f6<\/h1>\n<p>Anna Kyr\u00f6ll\u00e4 (s. 1954) on psykologin ja kirjallisuuden koulutus.<br \/>\nPsykologiasta tuli ammatti ja kirjallisuudesta harrastus, joka her\u00e4tti<br \/>\nkiinnostuksen suomentamiseen.<\/p>\n","protected":false},"excerpt":{"rendered":"<p>Runoja Suomentanut Anna Kyr\u00f6 Runot ovat ilmestyneet kokoelmissa Gravitatsioon (2013), Julgeolek (2014) ja Sadam (2017). Tanssitunnit maan vetovoiman kanssa tanssitat kaikkia, maan vetovoima, vain rohkeat tuntevat askeleet. luonteesi tasapuolisen julma vet\u00e4\u00e4 puoleesi kivet ja h\u00f6yhenet. kruunusi painaa otsani maahan, n\u00f6yr\u00e4sti k\u00e4yn, minne minua viet. rakastan sinua, maan vetovoima, linnuille j\u00e4\u00e4k\u00f6\u00f6t siipien tiet. Aatamille vaikka pieneksi hetkeksi valtaan jouduin t\u00e4ydellisen psykoosin &#8230;<\/p>\n","protected":false},"author":1,"featured_media":0,"parent":469,"menu_order":8,"comment_status":"closed","ping_status":"closed","template":"","meta":{"inline_featured_image":false},"jetpack_sharing_enabled":true,"_links":{"self":[{"href":"https:\/\/www.viro-instituutti.fi\/nippernaati\/wp-json\/wp\/v2\/pages\/512"}],"collection":[{"href":"https:\/\/www.viro-instituutti.fi\/nippernaati\/wp-json\/wp\/v2\/pages"}],"about":[{"href":"https:\/\/www.viro-instituutti.fi\/nippernaati\/wp-json\/wp\/v2\/types\/page"}],"author":[{"embeddable":true,"href":"https:\/\/www.viro-instituutti.fi\/nippernaati\/wp-json\/wp\/v2\/users\/1"}],"replies":[{"embeddable":true,"href":"https:\/\/www.viro-instituutti.fi\/nippernaati\/wp-json\/wp\/v2\/comments?post=512"}],"version-history":[{"count":1,"href":"https:\/\/www.viro-instituutti.fi\/nippernaati\/wp-json\/wp\/v2\/pages\/512\/revisions"}],"predecessor-version":[{"id":513,"href":"https:\/\/www.viro-instituutti.fi\/nippernaati\/wp-json\/wp\/v2\/pages\/512\/revisions\/513"}],"up":[{"embeddable":true,"href":"https:\/\/www.viro-instituutti.fi\/nippernaati\/wp-json\/wp\/v2\/pages\/469"}],"wp:attachment":[{"href":"https:\/\/www.viro-instituutti.fi\/nippernaati\/wp-json\/wp\/v2\/media?parent=512"}],"curies":[{"name":"wp","href":"https:\/\/api.w.org\/{rel}","templated":true}]}}