{"id":568,"date":"2020-11-12T10:05:31","date_gmt":"2020-11-12T08:05:31","guid":{"rendered":"http:\/\/www.viro-instituutti.fi\/nippernaati\/?page_id=568"},"modified":"2020-11-12T10:05:31","modified_gmt":"2020-11-12T08:05:31","slug":"timo-maran","status":"publish","type":"page","link":"https:\/\/www.viro-instituutti.fi\/nippernaati\/nippernaati-4\/timo-maran\/","title":{"rendered":"Timo Maran"},"content":{"rendered":"<h2>K\u00e4tketty Tartto<\/h2>\n<h3>Suomentanut Katja Meriluoto<\/h3>\n<p>Marraskuun loppu. Miinus viisi. Kuljen<br \/>\nToomem\u00e4en poikki, Ruotsin bastionin raunioiden<br \/>\nja Baerin patsaan v\u00e4list\u00e4. Maa h\u00f6yry\u00e4\u00e4,<br \/>\nmultaa ja lehti\u00e4 peitt\u00e4\u00e4 valkoinen kuura.<br \/>\nIlma on kirkas, aurinko kulkee hiukan kallellaan jossain<br \/>\nT\u00e4htitornin takana. V\u00e4rit ovat raikkaat,<br \/>\nsinert\u00e4v\u00e4t. Puiden latvat ojentautuvat,<br \/>\ntaivas k\u00e4y yh\u00e4 korkeammaksi.<br \/>\nTuomiokirkon kaksi terrakotanpunaista tornia<br \/>\nkohottautuu yl\u00f6s, Kassitoome vajoaa<br \/>\nsyvyyksiin. Keskustan piipuista<br \/>\nnousee savua, valkeita hentoja lankoja, jotka<br \/>\nkohoavat, kunnes katoavat. Huomaan,<br \/>\nett\u00e4 joku on t\u00f6k\u00e4nnyt Kristjan Jaakin kouraan<br \/>\nj\u00e4ttim\u00e4isen nuppineulan, jonka nuppi on taivaassa ja<br \/>\nter\u00e4 maan syd\u00e4mess\u00e4. Tarton k\u00e4tketty vertikaali.<\/p>\n<p>\u2022<\/p>\n<p>Olen menossa torille ostamaan sipulia ja kinkkua,<br \/>\nkun runoilija Luulur tarraa minua hihasta.<br \/>\nSelitt\u00e4\u00e4 selitt\u00e4mist\u00e4\u00e4n ensi vuoden festivaalista,<br \/>\nsilm\u00e4t vilkkuen, parta p\u00f6rr\u00f6ll\u00e4\u00e4n.<br \/>\nKatson h\u00e4nt\u00e4 ja tajuan \u00e4kki\u00e4, ett\u00e4 jos<br \/>\nh\u00e4nt\u00e4 ei olisi juttuineen ja juonineen,<br \/>\njos ei olisi Sveni\u00e4 ja Mu\u0308u\u0308rilehte\u00e4, Mikaa ja Berki\u00e4,<br \/>\nMerilaita, Lillemetsi\u00e4, Runnelia.<br \/>\nJos t\u00e4t\u00e4 mets\u00e4\u00e4 ei olisi.<br \/>\nNiin, toden totta\u2026 Olisiko meist\u00e4 t\u00e4\u00e4ll\u00e4<br \/>\nvarjoakaan?<\/p>\n<p>\u2022<\/p>\n<p>My\u00f6t\u00e4ill\u00e4 jokea yht\u00e4 mietteli\u00e4\u00e4sti kuin se virtaa,<br \/>\ntehd\u00e4 samat k\u00e4\u00e4nn\u00f6kset ja silmukat.<br \/>\nMenn\u00e4 Vallikraavin kautta Toomem\u00e4en ymp\u00e4ri<br \/>\nja ylitt\u00e4\u00e4 Ku\u0308u\u0308ni-katu.<br \/>\nNousta rannoille Supilinnassa,<br \/>\nsamoin Ropkan luhdalla ja Ihasten alajuoksulla.<br \/>\nKastella puita kasvitieteellisess\u00e4 puutarhassa,<br \/>\ntulvia Annelinnassa.<br \/>\nNostaa Pegasos Vanemuisen luokse<br \/>\nja tehd\u00e4 Kassitoomelle j\u00e4rvi.<\/p>\n<p>\u2022<\/p>\n<p>Syd\u00e4ny\u00f6ll\u00e4 Emajoesta tulee valtameri.<br \/>\nMurtuvat aallot piiskaavat rantaa<br \/>\nhiivatehtaan luona. Musta vesi<br \/>\nkiehuu ja kuohuu. Aavistelen pimeydess\u00e4<br \/>\nkadonneita lauttureita, ven\u00e4l\u00e4isi\u00e4 sotilaita,<br \/>\neksyneit\u00e4 suomalaisia, pieni\u00e4 kaloja,<br \/>\njotka uivat silm\u00e4aukoista<br \/>\nsis\u00e4\u00e4n ja ulos.<\/p>\n<p>\u2022<\/p>\n<p>Onko t\u00e4m\u00e4 sama kaupunki?<br \/>\nKadonnut kauppahalli ja Uueturu,<br \/>\nnaakat Johanneksen kirkon raunioissa,<br \/>\npommituskuoppa Vanemuisen vieress\u00e4.<br \/>\nOnko t\u00e4m\u00e4 todella sama kaupunki?<br \/>\nOlutkellarin tyhj\u00e4t sein\u00e4t, Hidas Kuolema -nousu,<br \/>\nrautasilta Supilinnan reunalla vesakossa,<br \/>\nlapset leikkim\u00e4ss\u00e4 unohdetuissa puutarhoissa.<br \/>\nJa sitten t\u00e4m\u00e4 kev\u00e4taamu torilla,<br \/>\nt\u00e4ynn\u00e4 tipujen piipityst\u00e4, kun<br \/>\nne kymmenitt\u00e4in odottavat laatikoissa<br \/>\nmatkaansa Varnjaan tai Kallastelle.<\/p>\n<p>\u2022<\/p>\n<p>Kun kuljet t\u00e4n\u00e4\u00e4n Kaubamajan risteyksen<br \/>\nyli, unohda hetkeksi itsesi<br \/>\nt\u00e4ll\u00e4 kaupungin vilkkaalla valtav\u00e4yl\u00e4ll\u00e4,<br \/>\ntaivuta niskaasi ja tavoittele<br \/>\nkatseellasi taivasta.<br \/>\nSeisahdu hetkeksi<br \/>\nja kuule maa jalkojesi alla.<br \/>\nEiv\u00e4tk\u00f6 varpaasi etsikin jo tiet\u00e4\u00e4n<br \/>\nkivien, asvaltin ja betonin l\u00e4pi? Jossain siell\u00e4<br \/>\non oltava multa, kostea ja kutsuva.<br \/>\nUnohda itsesi keskustan kadulle<br \/>\nkuusena, koivuna tai tammena, pys\u00e4hdy<br \/>\nhetkeksi ja odota,<br \/>\nkunnes mets\u00e4 tulee takaisin. Kunnes sammal<br \/>\nkasvaa ja pyrst\u00f6tiaiset punovat<br \/>\npes\u00e4ns\u00e4 sormiesi v\u00e4liin.<\/p>\n<p>\u2022<\/p>\n<p>Kaarisillan luota kauppahallille<br \/>\ntullessa oikealla.<br \/>\nLehmus, nuori m\u00e4nty, l\u00e4hes<br \/>\nneliskanttinen graniittipaasi ilman<br \/>\nmit\u00e4\u00e4n teksti\u00e4.<br \/>\nHarottava paju, sammaltunut tyvi,<br \/>\nsuuri oksa tien yli joen puolelle.<br \/>\nVanha nainen istuu, lukee kirjaa.<\/p>\n<p>Kolme tammea vierekk\u00e4in,<br \/>\nyhden oksat painuneet runkoa vasten.<br \/>\nJuopot loikoilevat, heitt\u00e4v\u00e4t huulta.<br \/>\nNelj\u00e4 lehmusta rinnakkain, yksi niist\u00e4<br \/>\nkovasti torin suuntaan kallellaan.<br \/>\nMit\u00e4 ei n\u00e4e, sit\u00e4 ei ole olemassa.<br \/>\nSuuri vanttera paju, tyvi k\u00e4mmenen\u00e4 lev\u00e4ll\u00e4\u00e4n.<br \/>\nNelj\u00e4 hopeakuusta.<\/p>\n<p>\u2022<\/p>\n<p>Laitat jalkaa toisen eteen,<br \/>\nteet valkoiselle lumelle py\u00f6reit\u00e4 tassunj\u00e4lki\u00e4,<br \/>\nKarlovassa ja Kassitoomella.<br \/>\nMin\u00e4 en ole sinua vaaninut enk\u00e4 vanginnut,<br \/>\nminulla on muu m\u00e4\u00e4r\u00e4np\u00e4\u00e4.<br \/>\nSilti aavistan niskassani katseen,<br \/>\njoka saattelee h\u00e4m\u00e4rill\u00e4 kaduilla<br \/>\nvalokeilojen v\u00e4liss\u00e4.<br \/>\nIllalla tulet pitkin unen ja valveen rajaa,<br \/>\nlaitat jalkaa toisen eteen,<br \/>\nteet py\u00f6reit\u00e4 tassunj\u00e4lki\u00e4si<br \/>\npoissaolooni.<\/p>\n<p>&nbsp;<\/p>\n<p style=\"text-align: center;\">\u2022 \u2022 \u2022<\/p>\n<p>&nbsp;<\/p>\n<h2>Timo Maran<\/h2>\n<p>Runosarja \u201cK\u00e4tketty Tartto\u201d on suomennettu Timo Maranin kokoelmasta Las ma u\u0308misen (annas kun hymisen, 2015).<\/p>\n<p>Tarttolainen Timo Maran (s. 1975) on runoilija, semiootikko ja toimittaja. H\u00e4n on v\u00e4itellyt vuonna 2005 tohtoriksi Tarton yliopistossa biologisen mimikryn semiotiikasta. Maranin esikoiskokoelma P\u00f5hjavesi (pohjavesi) ilmestyi 2001 ja viimeisin runoteos Metsloomatruudus (villiel\u00e4imen uskollisuus) kev\u00e4\u00e4ll\u00e4 2019. Uusimmassa kokoelmassaan Maran ottaa hienovaraiseen tyyliins\u00e4 kantaa Emajoen suojelun puolesta, sill\u00e4 jokiymp\u00e4rist\u00f6n s\u00e4ilyminen puhtaana on ollut ajoittain sellutehdashankkeen vuoksi vaakalaudalla.<\/p>\n<p>Runokokoelma Las ma u\u0308misen sis\u00e4lt\u00e4\u00e4 runoilijan omien tekstien lis\u00e4ksi my\u00f6s tekij\u00e4n vironnoksia Mirkka Rekolan tuotannosta. Yhdess\u00e4 Maranin ja Rekolan runot muodostavat miellytt\u00e4v\u00e4n ja yll\u00e4tt\u00e4v\u00e4n harmonisen kokonaisuuden, jossa luonto, kaupunki ja ihmiset el\u00e4v\u00e4t rinnatusten, vuoropuhelua k\u00e4yden.<\/p>\n<p>\u201cK\u00e4tketty Tartto\u201d -runosarja vilisee paikan- ja henkil\u00f6nnimi\u00e4, mik\u00e4 oli suomentajalle haasteellista \u2013 mit\u00e4 selitt\u00e4\u00e4, mit\u00e4 j\u00e4tt\u00e4\u00e4 lukijan oivallettavaksi. Mit\u00e4 paremmin Tarttoa ja sen kaupunginosia tuntee, sit\u00e4 syvempi\u00e4 merkityksi\u00e4 Maranin runot varmasti saavat. Jos on tarponut kerrankin Tarton yliopiston p\u00e4\u00e4rakennuksen nurkalta yl\u00f6s Toomem\u00e4ke\u00e4, tiet\u00e4\u00e4 varmasti, mist\u00e4 Hidas Kuolema on saanut nimens\u00e4. Tarton kesken\u00e4\u00e4n hyvin erilaisista kaupunginosista on teksteiss\u00e4 mainittu muun muassa Annelinnan kerrostalol\u00e4hi\u00f6, Karlovan kaunis vanha puutaloalue ja maaseutumainen Ihaste. Maranin runoissa liikutaan Tarton yliopistokaupungissa jalan, kuljetaan tietysti Toomem\u00e4en puistossa ja my\u00f6t\u00e4ill\u00e4\u00e4n kaupunkia halkovaa Emajokea. Yhdess\u00e4 h\u00e4nen runossaan viitataan my\u00f6s paikallisiin kulttuurihahmoihin, joista mainittakoon t\u00e4ss\u00e4 suomalaissyntyinen, jo pitk\u00e4\u00e4n Virossa vaikuttanut kirjailija Mika Ker\u00e4nen.<\/p>\n<p>Timo Maran kirjoittaa tarkkakatseista luonto- ja t\u00e4ss\u00e4 tapauksessa my\u00f6s kotiseuturunoutta, jossa on filosofinen ote. Maranin runot eiv\u00e4t ole \u00e4\u00e4nekk\u00e4imm\u00e4st\u00e4 p\u00e4\u00e4st\u00e4, mutta niiss\u00e4 on mielenkiintoista s\u00e4rm\u00e4\u00e4, johon lukijana ja suomentajana mielell\u00e4\u00e4n tarttuu. Herkkyys, raikkaus ja \u00e4lykkyys kulkevat niiss\u00e4 k\u00e4si k\u00e4dess\u00e4.<\/p>\n<p style=\"text-align: center;\">\n\u2022 \u2022 \u2022<\/p>\n<h2>Katja Meriluoto<\/h2>\n<p>Katja Meriluoto (s. 1975) on helsinkil\u00e4inen filosofian maisteri, joka on keskittynyt virolaisen nykyrunouden suomentamiseen. H\u00e4n on k\u00e4\u00e4nt\u00e4nyt muun muassa Jaan Kaplinskin, Elo Viidingin, Mathuran ja T\u00f5nu \u00d5nnepalun tuotantoa.<\/p>\n","protected":false},"excerpt":{"rendered":"<p>K\u00e4tketty Tartto Suomentanut Katja Meriluoto Marraskuun loppu. Miinus viisi. Kuljen Toomem\u00e4en poikki, Ruotsin bastionin raunioiden ja Baerin patsaan v\u00e4list\u00e4. Maa h\u00f6yry\u00e4\u00e4, multaa ja lehti\u00e4 peitt\u00e4\u00e4 valkoinen kuura. Ilma on kirkas, aurinko kulkee hiukan kallellaan jossain T\u00e4htitornin takana. V\u00e4rit ovat raikkaat, sinert\u00e4v\u00e4t. Puiden latvat ojentautuvat, taivas k\u00e4y yh\u00e4 korkeammaksi. Tuomiokirkon kaksi terrakotanpunaista tornia kohottautuu yl\u00f6s, Kassitoome vajoaa syvyyksiin. Keskustan piipuista nousee &#8230;<\/p>\n","protected":false},"author":1,"featured_media":0,"parent":481,"menu_order":10,"comment_status":"closed","ping_status":"closed","template":"","meta":{"inline_featured_image":false},"jetpack_sharing_enabled":true,"_links":{"self":[{"href":"https:\/\/www.viro-instituutti.fi\/nippernaati\/wp-json\/wp\/v2\/pages\/568"}],"collection":[{"href":"https:\/\/www.viro-instituutti.fi\/nippernaati\/wp-json\/wp\/v2\/pages"}],"about":[{"href":"https:\/\/www.viro-instituutti.fi\/nippernaati\/wp-json\/wp\/v2\/types\/page"}],"author":[{"embeddable":true,"href":"https:\/\/www.viro-instituutti.fi\/nippernaati\/wp-json\/wp\/v2\/users\/1"}],"replies":[{"embeddable":true,"href":"https:\/\/www.viro-instituutti.fi\/nippernaati\/wp-json\/wp\/v2\/comments?post=568"}],"version-history":[{"count":1,"href":"https:\/\/www.viro-instituutti.fi\/nippernaati\/wp-json\/wp\/v2\/pages\/568\/revisions"}],"predecessor-version":[{"id":569,"href":"https:\/\/www.viro-instituutti.fi\/nippernaati\/wp-json\/wp\/v2\/pages\/568\/revisions\/569"}],"up":[{"embeddable":true,"href":"https:\/\/www.viro-instituutti.fi\/nippernaati\/wp-json\/wp\/v2\/pages\/481"}],"wp:attachment":[{"href":"https:\/\/www.viro-instituutti.fi\/nippernaati\/wp-json\/wp\/v2\/media?parent=568"}],"curies":[{"name":"wp","href":"https:\/\/api.w.org\/{rel}","templated":true}]}}